{"id":4978,"date":"2023-11-30T13:51:18","date_gmt":"2023-11-30T12:51:18","guid":{"rendered":"https:\/\/english-in-canada.com\/om-os\/"},"modified":"2024-01-30T09:39:37","modified_gmt":"2024-01-30T08:39:37","slug":"om-os","status":"publish","type":"page","link":"https:\/\/english-in-canada.com\/de\/om-os\/","title":{"rendered":"\u00dcber uns"},"content":{"rendered":"<section class=\"wpb-content-wrapper\"><p>[vc_row full_width=&#8220;stretch_row&#8220;][vc_column]<div class=\"ult-spacer spacer-69e375d0ae9fe\" data-id=\"69e375d0ae9fe\" data-height=\"90\" data-height-mobile=\"60\" data-height-tab=\"90\" data-height-tab-portrait=\"60\" data-height-mobile-landscape=\"60\" style=\"clear:both;display:block;\"><\/div>[vc_column_text]<\/p>\n<h2>\u00dcber Lisbeth Graverholt<\/h2>\n<p>[\/vc_column_text][vc_empty_space height=&#8220;30px&#8220;][vc_separator color=&#8220;custom&#8220; border_width=&#8220;2&#8243; accent_color=&#8220;#f7f7f7&#8243;][vc_empty_space height=&#8220;30px&#8220;][vc_row_inner][vc_column_inner offset=&#8220;vc_col-lg-8 vc_col-md-8 vc_col-xs-12&#8243;][vc_column_text]<\/p>\n<h3>Lisbeth Graverholt, Studienr\u00e4tin am Hj\u00f8rring Gymnasium, D\u00e4nemark.<\/h3>\n<p>English in Canada entstand als internationale Lehrerinitiative. Heute steht Lisbeth Graverholt hinter English in Canada.<\/p>\n<p>Lisbeth hat viele Jahre Sprachen am Hj\u00f8rring Gymnasium unterrichtet. \u00dcber 15 Jahre lang war sie f\u00fcr den j\u00e4hrlichen Sch\u00fcleraustausch zwischen dem Hj\u00f8rring Gymnasium und seiner Partnerschule in Deutschland verantwortlich. Lisbeth Graverholt war au\u00dferdem internationale Koordinatorin am Hj\u00f8rring Gymnasium. Vor mehr als 10 Jahren startete Hj\u00f8rring Gymnasium unter der Leitung von Lisbeth Graverholt und einer kleinen Gruppe von Sprachlehrern D\u00e4nemarks einziges Sprachcamp f\u00fcr Oberstufensch\u00fcler\/Innen aus ganz D\u00e4nemark: <a href=\"https:\/\/hj-gym.dk\/da\/socialt-liv\/talent\/sprogcamp\">Sprogcamp (hj-gym.dk)<\/a>.<\/p>\n<p>Vor mehr als 20 Jahren betreute Lisbeth Graverholt die ersten Teilnehmer aus D\u00e4nemark und Deutschland bei Destination Canada.<\/p>\n<p>Wenn Eltern ihre Kinder auf eine Sprachreise in ein anderes Land schicken, ist es wichtig, die Menschen hinter dem Projekt zu kennen. Lisbeth sorgt f\u00fcr eine individuelle und pers\u00f6nliche Betreuung, damit sich die einzelne Familie gut aufgehoben f\u00fchlt. Normalerweise trifft sich Lisbeth vor der Abreise ein paar Male mit den Jugendlichen und ihren Eltern<\/p>\n<p>Das erste Treffen ist in der Regel ein Infoabend, der allen offen steht, es kann aber auch ein Treffen sein, bei dem sich die betreffende Familie mit Lisbeth allein trifft. Im Fr\u00fchsommer treffen sich die Teilnehmer und ihre Familien wieder mit Lisbeth. Hier werden alle Reisevorbereitungen besprochen und die Teilnehmer lernen sich vor der Reise nach Kanada ein bisschen kennen.<\/p>\n<p>Lisbeth Graverholt begleitet die Kinder und Jugendlichen, die an der Sprachreise teilnehmen, auf der Reise nach Kanada. Sie ist jedes Jahr auf dem Campus pr\u00e4sent und ist Ansprechpartnerin sowohl f\u00fcr die Jugendlichen als auch f\u00fcr deren Eltern.<\/p>\n<p>Au\u00dfer Lisbeth Graverholt sind jeden Sommer weitere Begleiter dabei. Es sind alles junge Erwachsene, die Destination Canada bereits kennen. Alle haben Erfahrung mit Kindern und Jugendlichen. Das Team ist auf dem Campus pr\u00e4sent und rund um die Uhr f\u00fcr die Jugendlichen da.[\/vc_column_text]<div class=\"ult-spacer spacer-69e375d0aea46\" data-id=\"69e375d0aea46\" data-height=\"0\" data-height-mobile=\"30\" data-height-tab=\"0\" data-height-tab-portrait=\"30\" data-height-mobile-landscape=\"30\" style=\"clear:both;display:block;\"><\/div>[\/vc_column_inner][vc_column_inner el_class=&#8220;custsidebartext&#8220; offset=&#8220;vc_col-lg-4 vc_col-md-4 vc_col-xs-12&#8243;][vc_column_text]<\/p>\n<h3 style=\"text-align: center;\"><span lang=\"de\">\u00dcber English in Canada<\/span><\/h3>\n<p style=\"text-align: center;\"><span lang=\"de\">Verbinde einen spa\u00dfigen und ergebnisreichen Englischunterricht mit einem spannenden Urlaub in Kanada. Lerne schnell Freunde aus aller Welt kennen. Du hast 25 Stunden spannenden und abwechslungsreichen Englischunterricht pro Woche. Am Nachmittag und Abend machst du Sport oder nimmst an vielen kulturellen Aktivit\u00e4ten und Erlebnissen teil. Alles auf Englisch. Ein besonderes Team ist f\u00fcr die Freizeitaktivit\u00e4ten verantwortlich. Alles Kanadier.<\/span><\/p>\n<p style=\"text-align: center;\"><span lang=\"de\">Besuche Montreal, Ottawa, Toronto, die Niagaraf\u00e4lle, Parc Omega und viele andere Orte. Unterbringung, Mahlzeiten und moderne Sportanlagen auf dem Uni-Campus sind im Preis inklusive. Besondere Aufmerksamkeit und F\u00fcrsorge f\u00fcr die j\u00fcngsten Kinder.<\/span><\/p>\n<p>[\/vc_column_text][\/vc_column_inner][\/vc_row_inner]<div class=\"ult-spacer spacer-69e375d0aea72\" data-id=\"69e375d0aea72\" data-height=\"90\" data-height-mobile=\"60\" data-height-tab=\"90\" data-height-tab-portrait=\"60\" data-height-mobile-landscape=\"60\" style=\"clear:both;display:block;\"><\/div>[\/vc_column][\/vc_row][vc_row full_width=&#8220;stretch_row&#8220; el_class=&#8220;overlay parallax overflow-row&#8220; css=&#8220;.vc_custom_1701346331801{background-image: url(https:\/\/english-in-canada.wk229.dk\/wp-content\/uploads\/2023\/11\/istock-525508231-min.jpg?id=4633) !important;background-position: center !important;background-repeat: no-repeat !important;background-size: cover !important;}&#8220;][vc_column]<div class=\"ult-spacer spacer-69e375d0aea96\" data-id=\"69e375d0aea96\" data-height=\"90\" data-height-mobile=\"60\" data-height-tab=\"90\" data-height-tab-portrait=\"60\" data-height-mobile-landscape=\"60\" style=\"clear:both;display:block;\"><\/div>[vc_row_inner css=&#8220;.vc_custom_1682518429141{margin-right: 0px !important;margin-left: 0px !important;}&#8220;][vc_column_inner el_class=&#8220;overflow-box-footer&#8220;][vc_empty_space height=&#8220;60px&#8220;][vc_column_text]<\/p>\n<h3 style=\"text-align: center;\">Kontakt English in Canada<\/h3>\n<h4 style=\"text-align: center;\">Har du sp\u00f8rgsm\u00e5l? Kontakt os og lad os tage en uforpligtende snak<\/h4>\n<p style=\"text-align: center;\">Vi sidder klar til at besvare ethvert sp\u00f8rgsm\u00e5l, du m\u00e5tte have, som du ikke f\u00e5r besvaret her p\u00e5 hjemmesiden. S\u00e5 t\u00f8v ikke med at ringe eller skrive til os. Vi tager med gl\u00e6de en helt uforpligtende snak med dig om dine planer.<\/p>\n<p>[\/vc_column_text][vc_empty_space height=&#8220;15px&#8220;][vc_btn title=&#8220;Tag kontakt allerede i dag&#8220; style=&#8220;custom&#8220; custom_background=&#8220;#fc5623&#8243; custom_text=&#8220;#ffffff&#8220; shape=&#8220;square&#8220; align=&#8220;center&#8220; link=&#8220;url:%2Fkontakt%2F|title:Kontakt&#8220;][vc_empty_space height=&#8220;60px&#8220;][\/vc_column_inner][\/vc_row_inner][\/vc_column][\/vc_row]<\/p>\n<\/section>","protected":false},"excerpt":{"rendered":"<p>[vc_row full_width=&#8220;stretch_row&#8220;][vc_column][vc_column_text] \u00dcber Lisbeth Graverholt [\/vc_column_text][vc_empty_space height=&#8220;30px&#8220;][vc_separator color=&#8220;custom&#8220; border_width=&#8220;2&#8243; accent_color=&#8220;#f7f7f7&#8243;][vc_empty_space height=&#8220;30px&#8220;][vc_row_inner][vc_column_inner offset=&#8220;vc_col-lg-8 vc_col-md-8 vc_col-xs-12&#8243;][vc_column_text] Lisbeth Graverholt, Studienr\u00e4tin am Hj\u00f8rring Gymnasium, D\u00e4nemark. English in Canada entstand als internationale Lehrerinitiative. Heute steht Lisbeth Graverholt hinter English in Canada. Lisbeth hat viele Jahre Sprachen am Hj\u00f8rring Gymnasium unterrichtet. \u00dcber 15 Jahre lang war sie f\u00fcr den j\u00e4hrlichen Sch\u00fcleraustausch &#8230; <a title=\"\u00dcber uns\" class=\"read-more\" href=\"https:\/\/english-in-canada.com\/de\/om-os\/\" aria-label=\"Mehr zu \u00dcber uns\">Weiterlesen &#8230;<\/a><\/p>\n","protected":false},"author":1,"featured_media":0,"parent":0,"menu_order":4,"comment_status":"closed","ping_status":"closed","template":"","meta":{"_acf_changed":false,"footnotes":""},"categories":[],"acf":[],"yoast_head":"<!-- This site is optimized with the Yoast SEO plugin v24.5 - https:\/\/yoast.com\/wordpress\/plugins\/seo\/ -->\n<title>\u00dcber uns | English in Canada<\/title>\n<meta name=\"robots\" content=\"index, follow, max-snippet:-1, max-image-preview:large, max-video-preview:-1\" \/>\n<link rel=\"canonical\" href=\"https:\/\/english-in-canada.com\/de\/om-os\/\" \/>\n<meta property=\"og:locale\" content=\"de_DE\" \/>\n<meta property=\"og:type\" content=\"article\" \/>\n<meta property=\"og:title\" content=\"\u00dcber uns | English in Canada\" \/>\n<meta property=\"og:description\" content=\"[vc_row full_width=&#8220;stretch_row&#8220;][vc_column][vc_column_text] \u00dcber Lisbeth Graverholt [\/vc_column_text][vc_empty_space height=&#8220;30px&#8220;][vc_separator color=&#8220;custom&#8220; border_width=&#8220;2&#8243; accent_color=&#8220;#f7f7f7&#8243;][vc_empty_space height=&#8220;30px&#8220;][vc_row_inner][vc_column_inner offset=&#8220;vc_col-lg-8 vc_col-md-8 vc_col-xs-12&#8243;][vc_column_text] Lisbeth Graverholt, Studienr\u00e4tin am Hj\u00f8rring Gymnasium, D\u00e4nemark. English in Canada entstand als internationale Lehrerinitiative. Heute steht Lisbeth Graverholt hinter English in Canada. Lisbeth hat viele Jahre Sprachen am Hj\u00f8rring Gymnasium unterrichtet. \u00dcber 15 Jahre lang war sie f\u00fcr den j\u00e4hrlichen Sch\u00fcleraustausch ... Weiterlesen ...\" \/>\n<meta property=\"og:url\" content=\"https:\/\/english-in-canada.com\/de\/om-os\/\" \/>\n<meta property=\"og:site_name\" content=\"English in Canada\" \/>\n<meta property=\"article:modified_time\" content=\"2024-01-30T08:39:37+00:00\" \/>\n<meta name=\"twitter:card\" content=\"summary_large_image\" \/>\n<meta name=\"twitter:label1\" content=\"Gesch\u00e4tzte Lesezeit\" \/>\n\t<meta name=\"twitter:data1\" content=\"4\u00a0Minuten\" \/>\n<script type=\"application\/ld+json\" class=\"yoast-schema-graph\">{\"@context\":\"https:\/\/schema.org\",\"@graph\":[{\"@type\":\"WebPage\",\"@id\":\"https:\/\/english-in-canada.com\/de\/om-os\/\",\"url\":\"https:\/\/english-in-canada.com\/de\/om-os\/\",\"name\":\"\u00dcber uns | English in Canada\",\"isPartOf\":{\"@id\":\"https:\/\/english-in-canada.com\/de\/#website\"},\"datePublished\":\"2023-11-30T12:51:18+00:00\",\"dateModified\":\"2024-01-30T08:39:37+00:00\",\"breadcrumb\":{\"@id\":\"https:\/\/english-in-canada.com\/de\/om-os\/#breadcrumb\"},\"inLanguage\":\"de\",\"potentialAction\":[{\"@type\":\"ReadAction\",\"target\":[\"https:\/\/english-in-canada.com\/de\/om-os\/\"]}]},{\"@type\":\"BreadcrumbList\",\"@id\":\"https:\/\/english-in-canada.com\/de\/om-os\/#breadcrumb\",\"itemListElement\":[{\"@type\":\"ListItem\",\"position\":1,\"name\":\"Hjem\",\"item\":\"https:\/\/english-in-canada.com\/de\/\"},{\"@type\":\"ListItem\",\"position\":2,\"name\":\"\u00dcber uns\"}]},{\"@type\":\"WebSite\",\"@id\":\"https:\/\/english-in-canada.com\/de\/#website\",\"url\":\"https:\/\/english-in-canada.com\/de\/\",\"name\":\"English in Canada\",\"description\":\"English in Canada tilbyder sprogrejser, sprogrejser p\u00e5 engelsk, sprogcamp og sprogskole i Canada\",\"publisher\":{\"@id\":\"https:\/\/english-in-canada.com\/de\/#organization\"},\"potentialAction\":[{\"@type\":\"SearchAction\",\"target\":{\"@type\":\"EntryPoint\",\"urlTemplate\":\"https:\/\/english-in-canada.com\/de\/?s={search_term_string}\"},\"query-input\":{\"@type\":\"PropertyValueSpecification\",\"valueRequired\":true,\"valueName\":\"search_term_string\"}}],\"inLanguage\":\"de\"},{\"@type\":\"Organization\",\"@id\":\"https:\/\/english-in-canada.com\/de\/#organization\",\"name\":\"English in Canada\",\"url\":\"https:\/\/english-in-canada.com\/de\/\",\"logo\":{\"@type\":\"ImageObject\",\"inLanguage\":\"de\",\"@id\":\"https:\/\/english-in-canada.com\/de\/#\/schema\/logo\/image\/\",\"url\":\"https:\/\/english-in-canada.com\/wp-content\/uploads\/2023\/11\/englishincanada-logo.png\",\"contentUrl\":\"https:\/\/english-in-canada.com\/wp-content\/uploads\/2023\/11\/englishincanada-logo.png\",\"width\":164,\"height\":164,\"caption\":\"English in Canada\"},\"image\":{\"@id\":\"https:\/\/english-in-canada.com\/de\/#\/schema\/logo\/image\/\"}}]}<\/script>\n<!-- \/ Yoast SEO plugin. -->","yoast_head_json":{"title":"\u00dcber uns | English in Canada","robots":{"index":"index","follow":"follow","max-snippet":"max-snippet:-1","max-image-preview":"max-image-preview:large","max-video-preview":"max-video-preview:-1"},"canonical":"https:\/\/english-in-canada.com\/de\/om-os\/","og_locale":"de_DE","og_type":"article","og_title":"\u00dcber uns | English in Canada","og_description":"[vc_row full_width=&#8220;stretch_row&#8220;][vc_column][vc_column_text] \u00dcber Lisbeth Graverholt [\/vc_column_text][vc_empty_space height=&#8220;30px&#8220;][vc_separator color=&#8220;custom&#8220; border_width=&#8220;2&#8243; accent_color=&#8220;#f7f7f7&#8243;][vc_empty_space height=&#8220;30px&#8220;][vc_row_inner][vc_column_inner offset=&#8220;vc_col-lg-8 vc_col-md-8 vc_col-xs-12&#8243;][vc_column_text] Lisbeth Graverholt, Studienr\u00e4tin am Hj\u00f8rring Gymnasium, D\u00e4nemark. English in Canada entstand als internationale Lehrerinitiative. Heute steht Lisbeth Graverholt hinter English in Canada. Lisbeth hat viele Jahre Sprachen am Hj\u00f8rring Gymnasium unterrichtet. \u00dcber 15 Jahre lang war sie f\u00fcr den j\u00e4hrlichen Sch\u00fcleraustausch ... Weiterlesen ...","og_url":"https:\/\/english-in-canada.com\/de\/om-os\/","og_site_name":"English in Canada","article_modified_time":"2024-01-30T08:39:37+00:00","twitter_card":"summary_large_image","twitter_misc":{"Gesch\u00e4tzte Lesezeit":"4\u00a0Minuten"},"schema":{"@context":"https:\/\/schema.org","@graph":[{"@type":"WebPage","@id":"https:\/\/english-in-canada.com\/de\/om-os\/","url":"https:\/\/english-in-canada.com\/de\/om-os\/","name":"\u00dcber uns | English in Canada","isPartOf":{"@id":"https:\/\/english-in-canada.com\/de\/#website"},"datePublished":"2023-11-30T12:51:18+00:00","dateModified":"2024-01-30T08:39:37+00:00","breadcrumb":{"@id":"https:\/\/english-in-canada.com\/de\/om-os\/#breadcrumb"},"inLanguage":"de","potentialAction":[{"@type":"ReadAction","target":["https:\/\/english-in-canada.com\/de\/om-os\/"]}]},{"@type":"BreadcrumbList","@id":"https:\/\/english-in-canada.com\/de\/om-os\/#breadcrumb","itemListElement":[{"@type":"ListItem","position":1,"name":"Hjem","item":"https:\/\/english-in-canada.com\/de\/"},{"@type":"ListItem","position":2,"name":"\u00dcber uns"}]},{"@type":"WebSite","@id":"https:\/\/english-in-canada.com\/de\/#website","url":"https:\/\/english-in-canada.com\/de\/","name":"English in Canada","description":"English in Canada tilbyder sprogrejser, sprogrejser p\u00e5 engelsk, sprogcamp og sprogskole i Canada","publisher":{"@id":"https:\/\/english-in-canada.com\/de\/#organization"},"potentialAction":[{"@type":"SearchAction","target":{"@type":"EntryPoint","urlTemplate":"https:\/\/english-in-canada.com\/de\/?s={search_term_string}"},"query-input":{"@type":"PropertyValueSpecification","valueRequired":true,"valueName":"search_term_string"}}],"inLanguage":"de"},{"@type":"Organization","@id":"https:\/\/english-in-canada.com\/de\/#organization","name":"English in Canada","url":"https:\/\/english-in-canada.com\/de\/","logo":{"@type":"ImageObject","inLanguage":"de","@id":"https:\/\/english-in-canada.com\/de\/#\/schema\/logo\/image\/","url":"https:\/\/english-in-canada.com\/wp-content\/uploads\/2023\/11\/englishincanada-logo.png","contentUrl":"https:\/\/english-in-canada.com\/wp-content\/uploads\/2023\/11\/englishincanada-logo.png","width":164,"height":164,"caption":"English in Canada"},"image":{"@id":"https:\/\/english-in-canada.com\/de\/#\/schema\/logo\/image\/"}}]}},"_links":{"self":[{"href":"https:\/\/english-in-canada.com\/de\/wp-json\/wp\/v2\/pages\/4978"}],"collection":[{"href":"https:\/\/english-in-canada.com\/de\/wp-json\/wp\/v2\/pages"}],"about":[{"href":"https:\/\/english-in-canada.com\/de\/wp-json\/wp\/v2\/types\/page"}],"author":[{"embeddable":true,"href":"https:\/\/english-in-canada.com\/de\/wp-json\/wp\/v2\/users\/1"}],"replies":[{"embeddable":true,"href":"https:\/\/english-in-canada.com\/de\/wp-json\/wp\/v2\/comments?post=4978"}],"version-history":[{"count":3,"href":"https:\/\/english-in-canada.com\/de\/wp-json\/wp\/v2\/pages\/4978\/revisions"}],"predecessor-version":[{"id":5050,"href":"https:\/\/english-in-canada.com\/de\/wp-json\/wp\/v2\/pages\/4978\/revisions\/5050"}],"wp:attachment":[{"href":"https:\/\/english-in-canada.com\/de\/wp-json\/wp\/v2\/media?parent=4978"}],"wp:term":[{"taxonomy":"category","embeddable":true,"href":"https:\/\/english-in-canada.com\/de\/wp-json\/wp\/v2\/categories?post=4978"}],"curies":[{"name":"wp","href":"https:\/\/api.w.org\/{rel}","templated":true}]}}