{"id":4983,"date":"2023-12-06T16:37:57","date_gmt":"2023-12-06T15:37:57","guid":{"rendered":"https:\/\/english-in-canada.com\/priser\/"},"modified":"2025-07-31T09:40:30","modified_gmt":"2025-07-31T07:40:30","slug":"priser","status":"publish","type":"page","link":"https:\/\/english-in-canada.com\/de\/priser\/","title":{"rendered":"Preise"},"content":{"rendered":"<section class=\"wpb-content-wrapper\"><p>[vc_row full_width=&#8220;stretch_row&#8220;][vc_column]<div class=\"ult-spacer spacer-69e375b9affcf\" data-id=\"69e375b9affcf\" data-height=\"90\" data-height-mobile=\"60\" data-height-tab=\"90\" data-height-tab-portrait=\"60\" data-height-mobile-landscape=\"60\" style=\"clear:both;display:block;\"><\/div>[vc_column_text]<\/p>\n<h2>Preise f\u00fcr 2026<\/h2>\n<p>[\/vc_column_text][vc_empty_space height=&#8220;30px&#8220;][vc_separator color=&#8220;custom&#8220; border_width=&#8220;2&#8243; accent_color=&#8220;#f7f7f7&#8243;][vc_empty_space height=&#8220;30px&#8220;][vc_row_inner][vc_column_inner offset=&#8220;vc_col-lg-8 vc_col-md-8 vc_col-xs-12&#8243;][vc_btn title=&#8220;Link zum Anmeldeformular&#8220; style=&#8220;custom&#8220; custom_background=&#8220;#fc5623&#8243; custom_text=&#8220;#ffffff&#8220; shape=&#8220;square&#8220; align=&#8220;left&#8220; link=&#8220;url:%2Fwp-content%2Fuploads%2F2025%2F07%2Fapplication-2026-de.docx|target:_blank&#8220;][vc_empty_space height=&#8220;30px&#8220;][vc_column_text]<\/p>\n<p data-start=\"41\" data-end=\"233\"><strong data-start=\"41\" data-end=\"54\">3 Wochen:<\/strong> $5.100 US-Dollar (ab Ankunft am Flughafen Ottawa)<br data-start=\"104\" data-end=\"107\" \/><strong data-start=\"107\" data-end=\"118\">Kurs 1:<\/strong> Zwischen dem 11. Juli und dem 1. August 2026 (maximal 21 Tage)<br data-start=\"181\" data-end=\"184\" \/>18. Juli bis 8. August 2026 (maximal 21 Tage)<\/p>\n<p data-start=\"235\" data-end=\"353\"><strong data-start=\"235\" data-end=\"248\">4 Wochen:<\/strong> $6.100 US-Dollar (ab Ankunft in Ottawa)<br data-start=\"288\" data-end=\"291\" \/>Zwischen dem 11. Juli und dem 8. August 2026 (maximal 28 Tage)<\/p>\n<p><strong>In den Geb\u00fchren enthalten:<\/strong><\/p>\n<ul>\n<li>Drei (oder vier) Wochen Unterricht<\/li>\n<li>Schulmaterialien<\/li>\n<li>Abschlussfeier und Gruppenfoto<\/li>\n<li>Freizeitprogramm und Wochenendausfl\u00fcge<\/li>\n<li>Ausfl\u00fcge an Wochenenden<\/li>\n<li>Unterkunft im modernen Uni-Wohnheim, je zwei Teilnehmer in einem Zimmer<\/li>\n<li>Frische Bettw\u00e4sche und Zimmer-reinigung w\u00f6chentlich (keine Handt\u00fccher)<\/li>\n<li>Verpflegung, (3 volle Mahlzeiten, 7-mal pro Woche &#8211; &#8222;all you can eat&#8220;)<\/li>\n<li>Moderne Sportanlagen; (Tennis, Basketball, Schwimmen usw.)<\/li>\n<li>Garantierte Sicherheit; 24 Stunden Betreuung<\/li>\n<li>Kranken- und Unfallversicherung ($ 100.000 CAN), \u00e4rztliche Betreuung<\/li>\n<li>Reisebetreuung ab Frankfurt und zur\u00fcck nach Frankfurt<\/li>\n<li>Transfer vom und zum Flugplatz Montreal ist nicht im Preis inbegriffen<\/li>\n<\/ul>\n<p><strong>Nicht in den Geb\u00fchren enthalten:<\/strong><\/p>\n<ul>\n<li>Flugticket und Transfer Montreal-Ottawa sind nicht im Preis inbegriffen. <strong>Wir werden einen begleiteten Gruppenflug ab Frankfurt nach Kanada organisieren.<\/strong> Wer an dem Gruppenflug interessiert ist, bitte Frau Lisbeth Graverholt rechtzeitig informieren .<\/li>\n<li><strong>Niagara F\u00e4lle &amp; Toronto Tour:<\/strong> W\u00e4hrend des drei- bzw. vierw\u00f6chigen Programmes empfehlen wir den spannungsgeladenen Ausflug zu den Niagara F\u00e4llen. Bootfahrt unterhalb der F\u00e4lle. Fahrt auf den Skylon Tower mit einmaliger Sicht auf die kanadischen und amerikanischen F\u00e4lle. Zwei Tage und eine \u00dcbernachtung. Canada\u2019s Wonderland, CN-Tower und Besuch im Restaurant. Preis einschlie\u00dflich Busfahrt, Eintritte, \u00dcbernachtung, Verpflegung und volle Betreuung: $ 570 US.<\/li>\n<li><strong>Outdoor Adventure Day<\/strong><br \/>\nF\u00fcr ein einmaliges kanadisches Abenteuer bei voller Betreuung und Verpflegung (Klettern, Schwimmen und Wandern): $ 150 US.<\/li>\n<\/ul>\n<p>[\/vc_column_text]<div class=\"ult-spacer spacer-69e375b9b0014\" data-id=\"69e375b9b0014\" data-height=\"0\" data-height-mobile=\"30\" data-height-tab=\"0\" data-height-tab-portrait=\"30\" data-height-mobile-landscape=\"30\" style=\"clear:both;display:block;\"><\/div>[\/vc_column_inner][vc_column_inner el_class=&#8220;custsidebartext&#8220; offset=&#8220;vc_col-lg-4 vc_col-md-4 vc_col-xs-12&#8243;][vc_column_text]<\/p>\n<h3 style=\"text-align: center;\"><span lang=\"de\">\u00dcber English in Canada<\/span><\/h3>\n<p style=\"text-align: center;\"><span lang=\"de\">Verbinde einen spa\u00dfigen und ergebnisreichen Englischunterricht mit einem spannenden Urlaub in Kanada. Lerne schnell Freunde aus aller Welt kennen. Du hast 25 Stunden spannenden und abwechslungsreichen Englischunterricht pro Woche. Am Nachmittag und Abend machst du Sport oder nimmst an vielen kulturellen Aktivit\u00e4ten und Erlebnissen teil. Alles auf Englisch. Ein besonderes Team ist f\u00fcr die Freizeitaktivit\u00e4ten verantwortlich. Alles Kanadier.<\/span><\/p>\n<p style=\"text-align: center;\"><span lang=\"de\">Besuche Montreal, Ottawa, Toronto, die Niagaraf\u00e4lle, Parc Omega und viele andere Orte. Unterbringung, Mahlzeiten und moderne Sportanlagen auf dem Uni-Campus sind im Preis inklusive. Besondere Aufmerksamkeit und F\u00fcrsorge f\u00fcr die j\u00fcngsten Kinder.<\/span><\/p>\n<p>[\/vc_column_text][\/vc_column_inner][\/vc_row_inner]<div class=\"ult-spacer spacer-69e375b9b0049\" data-id=\"69e375b9b0049\" data-height=\"90\" data-height-mobile=\"60\" data-height-tab=\"90\" data-height-tab-portrait=\"60\" data-height-mobile-landscape=\"60\" style=\"clear:both;display:block;\"><\/div>[\/vc_column][\/vc_row][vc_row full_width=&#8220;stretch_row&#8220; el_class=&#8220;overlay parallax overflow-row&#8220; css=&#8220;.vc_custom_1701346331801{background-image: url(https:\/\/english-in-canada.wk229.dk\/wp-content\/uploads\/2023\/11\/istock-525508231-min.jpg?id=4633) !important;background-position: center !important;background-repeat: no-repeat !important;background-size: cover !important;}&#8220;][vc_column]<div class=\"ult-spacer spacer-69e375b9b006d\" data-id=\"69e375b9b006d\" data-height=\"90\" data-height-mobile=\"60\" data-height-tab=\"90\" data-height-tab-portrait=\"60\" data-height-mobile-landscape=\"60\" style=\"clear:both;display:block;\"><\/div>[vc_row_inner css=&#8220;.vc_custom_1682518429141{margin-right: 0px !important;margin-left: 0px !important;}&#8220;][vc_column_inner el_class=&#8220;overflow-box-footer&#8220;][vc_empty_space height=&#8220;60px&#8220;][vc_column_text]<\/p>\n<h3 align=\"center\"><span lang=\"de\">English in Canada kontaktieren<\/span><\/h3>\n<h4 align=\"center\"><span lang=\"de\">Haben Sie Fragen oder m\u00f6chten Sie mehr Informationen? Gerne k\u00f6nnen Sie uns unverbindlich anrufen oder anschreiben<\/span><\/h4>\n<p>[\/vc_column_text][vc_empty_space height=&#8220;15px&#8220;][vc_btn title=&#8220;Nehmen Sie noch heute Kontakt mit uns auf&#8220; style=&#8220;custom&#8220; custom_background=&#8220;#fc5623&#8243; custom_text=&#8220;#ffffff&#8220; shape=&#8220;square&#8220; align=&#8220;center&#8220; link=&#8220;url:%2Fkontakt%2F|title:Kontakt&#8220;][vc_empty_space height=&#8220;60px&#8220;][\/vc_column_inner][\/vc_row_inner][\/vc_column][\/vc_row]<\/p>\n<\/section>","protected":false},"excerpt":{"rendered":"<p>[vc_row full_width=&#8220;stretch_row&#8220;][vc_column][vc_column_text] Preise f\u00fcr 2026 [\/vc_column_text][vc_empty_space height=&#8220;30px&#8220;][vc_separator color=&#8220;custom&#8220; border_width=&#8220;2&#8243; accent_color=&#8220;#f7f7f7&#8243;][vc_empty_space height=&#8220;30px&#8220;][vc_row_inner][vc_column_inner offset=&#8220;vc_col-lg-8 vc_col-md-8 vc_col-xs-12&#8243;][vc_btn title=&#8220;Link zum Anmeldeformular&#8220; style=&#8220;custom&#8220; custom_background=&#8220;#fc5623&#8243; custom_text=&#8220;#ffffff&#8220; shape=&#8220;square&#8220; align=&#8220;left&#8220; link=&#8220;url:%2Fwp-content%2Fuploads%2F2025%2F07%2Fapplication-2026-de.docx|target:_blank&#8220;][vc_empty_space height=&#8220;30px&#8220;][vc_column_text] 3 Wochen: $5.100 US-Dollar (ab Ankunft am Flughafen Ottawa)Kurs 1: Zwischen dem 11. Juli und dem 1. August 2026 (maximal 21 Tage)18. Juli bis 8. August 2026 (maximal 21 Tage) 4 &#8230; <a title=\"Preise\" class=\"read-more\" href=\"https:\/\/english-in-canada.com\/de\/priser\/\" aria-label=\"Mehr zu Preise\">Weiterlesen &#8230;<\/a><\/p>\n","protected":false},"author":1,"featured_media":0,"parent":0,"menu_order":9,"comment_status":"closed","ping_status":"closed","template":"","meta":{"_acf_changed":false,"footnotes":""},"categories":[],"acf":[],"yoast_head":"<!-- This site is optimized with the Yoast SEO plugin v24.5 - https:\/\/yoast.com\/wordpress\/plugins\/seo\/ -->\n<title>Preise | English in Canada<\/title>\n<meta name=\"robots\" content=\"index, follow, max-snippet:-1, max-image-preview:large, max-video-preview:-1\" \/>\n<link rel=\"canonical\" href=\"https:\/\/english-in-canada.com\/de\/priser\/\" \/>\n<meta property=\"og:locale\" content=\"de_DE\" \/>\n<meta property=\"og:type\" content=\"article\" \/>\n<meta property=\"og:title\" content=\"Preise | English in Canada\" \/>\n<meta property=\"og:description\" content=\"[vc_row full_width=&#8220;stretch_row&#8220;][vc_column][vc_column_text] Preise f\u00fcr 2026 [\/vc_column_text][vc_empty_space height=&#8220;30px&#8220;][vc_separator color=&#8220;custom&#8220; border_width=&#8220;2&#8243; accent_color=&#8220;#f7f7f7&#8243;][vc_empty_space height=&#8220;30px&#8220;][vc_row_inner][vc_column_inner offset=&#8220;vc_col-lg-8 vc_col-md-8 vc_col-xs-12&#8243;][vc_btn title=&#8220;Link zum Anmeldeformular&#8220; style=&#8220;custom&#8220; custom_background=&#8220;#fc5623&#8243; custom_text=&#8220;#ffffff&#8220; shape=&#8220;square&#8220; align=&#8220;left&#8220; link=&#8220;url:%2Fwp-content%2Fuploads%2F2025%2F07%2Fapplication-2026-de.docx|target:_blank&#8220;][vc_empty_space height=&#8220;30px&#8220;][vc_column_text] 3 Wochen: $5.100 US-Dollar (ab Ankunft am Flughafen Ottawa)Kurs 1: Zwischen dem 11. Juli und dem 1. August 2026 (maximal 21 Tage)18. Juli bis 8. August 2026 (maximal 21 Tage) 4 ... Weiterlesen ...\" \/>\n<meta property=\"og:url\" content=\"https:\/\/english-in-canada.com\/de\/priser\/\" \/>\n<meta property=\"og:site_name\" content=\"English in Canada\" \/>\n<meta property=\"article:modified_time\" content=\"2025-07-31T07:40:30+00:00\" \/>\n<meta name=\"twitter:card\" content=\"summary_large_image\" \/>\n<meta name=\"twitter:label1\" content=\"Gesch\u00e4tzte Lesezeit\" \/>\n\t<meta name=\"twitter:data1\" content=\"3\u00a0Minuten\" \/>\n<script type=\"application\/ld+json\" class=\"yoast-schema-graph\">{\"@context\":\"https:\/\/schema.org\",\"@graph\":[{\"@type\":\"WebPage\",\"@id\":\"https:\/\/english-in-canada.com\/de\/priser\/\",\"url\":\"https:\/\/english-in-canada.com\/de\/priser\/\",\"name\":\"Preise | English in Canada\",\"isPartOf\":{\"@id\":\"https:\/\/english-in-canada.com\/de\/#website\"},\"datePublished\":\"2023-12-06T15:37:57+00:00\",\"dateModified\":\"2025-07-31T07:40:30+00:00\",\"breadcrumb\":{\"@id\":\"https:\/\/english-in-canada.com\/de\/priser\/#breadcrumb\"},\"inLanguage\":\"de\",\"potentialAction\":[{\"@type\":\"ReadAction\",\"target\":[\"https:\/\/english-in-canada.com\/de\/priser\/\"]}]},{\"@type\":\"BreadcrumbList\",\"@id\":\"https:\/\/english-in-canada.com\/de\/priser\/#breadcrumb\",\"itemListElement\":[{\"@type\":\"ListItem\",\"position\":1,\"name\":\"Hjem\",\"item\":\"https:\/\/english-in-canada.com\/de\/\"},{\"@type\":\"ListItem\",\"position\":2,\"name\":\"Preise\"}]},{\"@type\":\"WebSite\",\"@id\":\"https:\/\/english-in-canada.com\/de\/#website\",\"url\":\"https:\/\/english-in-canada.com\/de\/\",\"name\":\"English in Canada\",\"description\":\"English in Canada tilbyder sprogrejser, sprogrejser p\u00e5 engelsk, sprogcamp og sprogskole i Canada\",\"publisher\":{\"@id\":\"https:\/\/english-in-canada.com\/de\/#organization\"},\"potentialAction\":[{\"@type\":\"SearchAction\",\"target\":{\"@type\":\"EntryPoint\",\"urlTemplate\":\"https:\/\/english-in-canada.com\/de\/?s={search_term_string}\"},\"query-input\":{\"@type\":\"PropertyValueSpecification\",\"valueRequired\":true,\"valueName\":\"search_term_string\"}}],\"inLanguage\":\"de\"},{\"@type\":\"Organization\",\"@id\":\"https:\/\/english-in-canada.com\/de\/#organization\",\"name\":\"English in Canada\",\"url\":\"https:\/\/english-in-canada.com\/de\/\",\"logo\":{\"@type\":\"ImageObject\",\"inLanguage\":\"de\",\"@id\":\"https:\/\/english-in-canada.com\/de\/#\/schema\/logo\/image\/\",\"url\":\"https:\/\/english-in-canada.com\/wp-content\/uploads\/2023\/11\/englishincanada-logo.png\",\"contentUrl\":\"https:\/\/english-in-canada.com\/wp-content\/uploads\/2023\/11\/englishincanada-logo.png\",\"width\":164,\"height\":164,\"caption\":\"English in Canada\"},\"image\":{\"@id\":\"https:\/\/english-in-canada.com\/de\/#\/schema\/logo\/image\/\"}}]}<\/script>\n<!-- \/ Yoast SEO plugin. -->","yoast_head_json":{"title":"Preise | English in Canada","robots":{"index":"index","follow":"follow","max-snippet":"max-snippet:-1","max-image-preview":"max-image-preview:large","max-video-preview":"max-video-preview:-1"},"canonical":"https:\/\/english-in-canada.com\/de\/priser\/","og_locale":"de_DE","og_type":"article","og_title":"Preise | English in Canada","og_description":"[vc_row full_width=&#8220;stretch_row&#8220;][vc_column][vc_column_text] Preise f\u00fcr 2026 [\/vc_column_text][vc_empty_space height=&#8220;30px&#8220;][vc_separator color=&#8220;custom&#8220; border_width=&#8220;2&#8243; accent_color=&#8220;#f7f7f7&#8243;][vc_empty_space height=&#8220;30px&#8220;][vc_row_inner][vc_column_inner offset=&#8220;vc_col-lg-8 vc_col-md-8 vc_col-xs-12&#8243;][vc_btn title=&#8220;Link zum Anmeldeformular&#8220; style=&#8220;custom&#8220; custom_background=&#8220;#fc5623&#8243; custom_text=&#8220;#ffffff&#8220; shape=&#8220;square&#8220; align=&#8220;left&#8220; link=&#8220;url:%2Fwp-content%2Fuploads%2F2025%2F07%2Fapplication-2026-de.docx|target:_blank&#8220;][vc_empty_space height=&#8220;30px&#8220;][vc_column_text] 3 Wochen: $5.100 US-Dollar (ab Ankunft am Flughafen Ottawa)Kurs 1: Zwischen dem 11. Juli und dem 1. August 2026 (maximal 21 Tage)18. Juli bis 8. August 2026 (maximal 21 Tage) 4 ... Weiterlesen ...","og_url":"https:\/\/english-in-canada.com\/de\/priser\/","og_site_name":"English in Canada","article_modified_time":"2025-07-31T07:40:30+00:00","twitter_card":"summary_large_image","twitter_misc":{"Gesch\u00e4tzte Lesezeit":"3\u00a0Minuten"},"schema":{"@context":"https:\/\/schema.org","@graph":[{"@type":"WebPage","@id":"https:\/\/english-in-canada.com\/de\/priser\/","url":"https:\/\/english-in-canada.com\/de\/priser\/","name":"Preise | English in Canada","isPartOf":{"@id":"https:\/\/english-in-canada.com\/de\/#website"},"datePublished":"2023-12-06T15:37:57+00:00","dateModified":"2025-07-31T07:40:30+00:00","breadcrumb":{"@id":"https:\/\/english-in-canada.com\/de\/priser\/#breadcrumb"},"inLanguage":"de","potentialAction":[{"@type":"ReadAction","target":["https:\/\/english-in-canada.com\/de\/priser\/"]}]},{"@type":"BreadcrumbList","@id":"https:\/\/english-in-canada.com\/de\/priser\/#breadcrumb","itemListElement":[{"@type":"ListItem","position":1,"name":"Hjem","item":"https:\/\/english-in-canada.com\/de\/"},{"@type":"ListItem","position":2,"name":"Preise"}]},{"@type":"WebSite","@id":"https:\/\/english-in-canada.com\/de\/#website","url":"https:\/\/english-in-canada.com\/de\/","name":"English in Canada","description":"English in Canada tilbyder sprogrejser, sprogrejser p\u00e5 engelsk, sprogcamp og sprogskole i Canada","publisher":{"@id":"https:\/\/english-in-canada.com\/de\/#organization"},"potentialAction":[{"@type":"SearchAction","target":{"@type":"EntryPoint","urlTemplate":"https:\/\/english-in-canada.com\/de\/?s={search_term_string}"},"query-input":{"@type":"PropertyValueSpecification","valueRequired":true,"valueName":"search_term_string"}}],"inLanguage":"de"},{"@type":"Organization","@id":"https:\/\/english-in-canada.com\/de\/#organization","name":"English in Canada","url":"https:\/\/english-in-canada.com\/de\/","logo":{"@type":"ImageObject","inLanguage":"de","@id":"https:\/\/english-in-canada.com\/de\/#\/schema\/logo\/image\/","url":"https:\/\/english-in-canada.com\/wp-content\/uploads\/2023\/11\/englishincanada-logo.png","contentUrl":"https:\/\/english-in-canada.com\/wp-content\/uploads\/2023\/11\/englishincanada-logo.png","width":164,"height":164,"caption":"English in Canada"},"image":{"@id":"https:\/\/english-in-canada.com\/de\/#\/schema\/logo\/image\/"}}]}},"_links":{"self":[{"href":"https:\/\/english-in-canada.com\/de\/wp-json\/wp\/v2\/pages\/4983"}],"collection":[{"href":"https:\/\/english-in-canada.com\/de\/wp-json\/wp\/v2\/pages"}],"about":[{"href":"https:\/\/english-in-canada.com\/de\/wp-json\/wp\/v2\/types\/page"}],"author":[{"embeddable":true,"href":"https:\/\/english-in-canada.com\/de\/wp-json\/wp\/v2\/users\/1"}],"replies":[{"embeddable":true,"href":"https:\/\/english-in-canada.com\/de\/wp-json\/wp\/v2\/comments?post=4983"}],"version-history":[{"count":15,"href":"https:\/\/english-in-canada.com\/de\/wp-json\/wp\/v2\/pages\/4983\/revisions"}],"predecessor-version":[{"id":5121,"href":"https:\/\/english-in-canada.com\/de\/wp-json\/wp\/v2\/pages\/4983\/revisions\/5121"}],"wp:attachment":[{"href":"https:\/\/english-in-canada.com\/de\/wp-json\/wp\/v2\/media?parent=4983"}],"wp:term":[{"taxonomy":"category","embeddable":true,"href":"https:\/\/english-in-canada.com\/de\/wp-json\/wp\/v2\/categories?post=4983"}],"curies":[{"name":"wp","href":"https:\/\/api.w.org\/{rel}","templated":true}]}}