{"id":4986,"date":"2023-12-12T10:30:49","date_gmt":"2023-12-12T09:30:49","guid":{"rendered":"https:\/\/english-in-canada.com\/tryghed\/"},"modified":"2024-08-13T15:06:54","modified_gmt":"2024-08-13T13:06:54","slug":"tryghed","status":"publish","type":"page","link":"https:\/\/english-in-canada.com\/de\/tryghed\/","title":{"rendered":"Geborgenheit und Sicherheit"},"content":{"rendered":"<section class=\"wpb-content-wrapper\"><p>[vc_row full_width=&#8220;stretch_row&#8220;][vc_column]<div class=\"ult-spacer spacer-6a07a8a1e05f9\" data-id=\"6a07a8a1e05f9\" data-height=\"90\" data-height-mobile=\"60\" data-height-tab=\"90\" data-height-tab-portrait=\"60\" data-height-mobile-landscape=\"60\" style=\"clear:both;display:block;\"><\/div>[vc_column_text]<\/p>\n<h2>Geborgenheit und Sicherheit<\/h2>\n<p>[\/vc_column_text][vc_empty_space height=&#8220;30px&#8220;][vc_separator color=&#8220;custom&#8220; border_width=&#8220;2&#8243; accent_color=&#8220;#f7f7f7&#8243;][vc_empty_space height=&#8220;30px&#8220;][vc_row_inner][vc_column_inner offset=&#8220;vc_col-lg-8 vc_col-md-8 vc_col-xs-12&#8243;][vc_column_text]Wer an Destination Canada teilnimmt, kann sich geborgen und sicher f\u00fchlen.<\/p>\n<p>Lisbeth Graverholt trifft alle Teilnehmer (und deren Familien) mindestens ein- bis zweimal vor ihrer Abreise nach Kanada und steht mit jeder einzelnen Familie in pers\u00f6nlichem Kontakt. Kontaktieren Sie Lisbeth f\u00fcr ein unverbindliches Gespr\u00e4ch.<\/p>\n<p>Jeden Sommer sind erwachsene Begleiter \u2013 tour conductors \u2013 auf der gesamten Reise nach Kanada und zur\u00fcck in die Heimat mit dabei, sowohl beim 3- und 4-Wochen Programm.<\/p>\n<p>Die Teilnehmer sind w\u00e4hrend des ganzen Aufenthalts beaufsichtigt.<\/p>\n<p>Die meisten Teilnehmer nutzen das Gruppenticket, das Lisbeth \u00fcber ein Reiseb\u00fcro anbietet. M\u00f6chte die Familie vor oder nach dem Aufenthalt einen Urlaub in Kanada machen, fliegt das Kind nur die eine Strecke mit der betreuten Gruppe.<\/p>\n<p>Abreise erfolgt am Samstag den 5. Juli 2025 und bei Bedarf wieder am 12. Juli. F\u00fcr weitere Informationen zum Flugticket rufen Sie an oder schreiben Sie uns.<\/p>\n<p>Lisbeth Graverholt koordiniert im Zusammenhang mit der Abreise eine gemeinsame Zugfahrt nach Frankfurt.<\/p>\n<p>Alle Begleiter sind mit den Teilnehmern auf dem Campus untergebracht und sind somit rund um die Uhr erreichbar. Sollte ein Teilnehmer einen Arzt- oder Zahnarztbesuch ben\u00f6tigen, sind wir selbstverst\u00e4ndlich dabei. Wir helfen bei gro\u00dfen und kleinen Dingen \u2013 Heimweh, W\u00e4sche waschen, Einkaufen usw.<\/p>\n<p>Teilnehmer sind im Russell House und Grenville House auf dem Campus der Carleton University untergebracht und in diesen Geb\u00e4uden halten sich nur Personen auf, die mit Destination Canada in Verbindung stehen.<\/p>\n<p>Alle Begleiter \u2013 inklusive Lisbeth Graverholt \u2013 sind w\u00e4hrend des Aufenthalts Ansprechpartner der Eltern.[\/vc_column_text]<div class=\"ult-spacer spacer-6a07a8a1e063b\" data-id=\"6a07a8a1e063b\" data-height=\"0\" data-height-mobile=\"30\" data-height-tab=\"0\" data-height-tab-portrait=\"30\" data-height-mobile-landscape=\"30\" style=\"clear:both;display:block;\"><\/div>[\/vc_column_inner][vc_column_inner el_class=&#8220;custsidebartext&#8220; offset=&#8220;vc_col-lg-4 vc_col-md-4 vc_col-xs-12&#8243;][vc_column_text]<\/p>\n<h3 style=\"text-align: center;\"><span lang=\"de\">\u00dcber English in Canada<\/span><\/h3>\n<p style=\"text-align: center;\"><span lang=\"de\">Verbinde einen spa\u00dfigen und ergebnisreichen Englischunterricht mit einem spannenden Urlaub in Kanada. Lerne schnell Freunde aus aller Welt kennen. Du hast 25 Stunden spannenden und abwechslungsreichen Englischunterricht pro Woche. Am Nachmittag und Abend machst du Sport oder nimmst an vielen kulturellen Aktivit\u00e4ten und Erlebnissen teil. Alles auf Englisch. Ein besonderes Team ist f\u00fcr die Freizeitaktivit\u00e4ten verantwortlich. Alles Kanadier.<\/span><\/p>\n<p style=\"text-align: center;\"><span lang=\"de\">Besuche Montreal, Ottawa, Toronto, die Niagaraf\u00e4lle, Parc Omega und viele andere Orte. Unterbringung, Mahlzeiten und moderne Sportanlagen auf dem Uni-Campus sind im Preis inklusive. Besondere Aufmerksamkeit und F\u00fcrsorge f\u00fcr die j\u00fcngsten Kinder.<\/span><\/p>\n<p>[\/vc_column_text][\/vc_column_inner][\/vc_row_inner]<div class=\"ult-spacer spacer-6a07a8a1e065f\" data-id=\"6a07a8a1e065f\" data-height=\"60\" data-height-mobile=\"30\" data-height-tab=\"60\" data-height-tab-portrait=\"30\" data-height-mobile-landscape=\"30\" style=\"clear:both;display:block;\"><\/div>[vc_media_grid element_width=&#8220;3&#8243; gap=&#8220;15&#8243; grid_id=&#8220;vc_gid:1723554386859-3a98e9c6-c445-7&#8243; include=&#8220;4987&#8243;]<div class=\"ult-spacer spacer-6a07a8a1e068d\" data-id=\"6a07a8a1e068d\" data-height=\"90\" data-height-mobile=\"60\" data-height-tab=\"90\" data-height-tab-portrait=\"60\" data-height-mobile-landscape=\"60\" style=\"clear:both;display:block;\"><\/div>[\/vc_column][\/vc_row][vc_row full_width=&#8220;stretch_row&#8220; el_class=&#8220;overlay parallax overflow-row&#8220; css=&#8220;.vc_custom_1701346331801{background-image: url(https:\/\/english-in-canada.wk229.dk\/wp-content\/uploads\/2023\/11\/istock-525508231-min.jpg?id=4633) !important;background-position: center !important;background-repeat: no-repeat !important;background-size: cover !important;}&#8220;][vc_column]<div class=\"ult-spacer spacer-6a07a8a1e06ae\" data-id=\"6a07a8a1e06ae\" data-height=\"90\" data-height-mobile=\"60\" data-height-tab=\"90\" data-height-tab-portrait=\"60\" data-height-mobile-landscape=\"60\" style=\"clear:both;display:block;\"><\/div>[vc_row_inner css=&#8220;.vc_custom_1682518429141{margin-right: 0px !important;margin-left: 0px !important;}&#8220;][vc_column_inner el_class=&#8220;overflow-box-footer&#8220;][vc_empty_space height=&#8220;60px&#8220;][vc_column_text]<\/p>\n<h3 align=\"center\"><span lang=\"de\">English in Canada kontaktieren<\/span><\/h3>\n<h4 align=\"center\"><span lang=\"de\">Haben Sie Fragen oder m\u00f6chten Sie mehr Informationen? Gerne k\u00f6nnen Sie uns unverbindlich anrufen oder anschreiben<\/span><\/h4>\n<p>[\/vc_column_text][vc_empty_space height=&#8220;15px&#8220;][vc_btn title=&#8220;Nehmen Sie noch heute Kontakt mit uns auf&#8220; style=&#8220;custom&#8220; custom_background=&#8220;#fc5623&#8243; custom_text=&#8220;#ffffff&#8220; shape=&#8220;square&#8220; align=&#8220;center&#8220; link=&#8220;url:%2Fkontakt%2F|title:Kontakt&#8220;][vc_empty_space height=&#8220;60px&#8220;][\/vc_column_inner][\/vc_row_inner][\/vc_column][\/vc_row]<\/p>\n<\/section>","protected":false},"excerpt":{"rendered":"<p>Wer an Destination Canada teilnimmt, kann sich geborgen und sicher f\u00fchlen.<\/p>\n","protected":false},"author":3,"featured_media":4987,"parent":0,"menu_order":1,"comment_status":"closed","ping_status":"closed","template":"","meta":{"_acf_changed":false,"footnotes":""},"categories":[48],"acf":[],"yoast_head":"<!-- This site is optimized with the Yoast SEO plugin v24.5 - https:\/\/yoast.com\/wordpress\/plugins\/seo\/ -->\n<title>Geborgenheit und Sicherheit | English in Canada<\/title>\n<meta name=\"robots\" content=\"index, follow, max-snippet:-1, max-image-preview:large, max-video-preview:-1\" \/>\n<link rel=\"canonical\" href=\"https:\/\/english-in-canada.com\/de\/tryghed\/\" \/>\n<meta property=\"og:locale\" content=\"de_DE\" \/>\n<meta property=\"og:type\" content=\"article\" \/>\n<meta property=\"og:title\" content=\"Geborgenheit und Sicherheit | English in Canada\" \/>\n<meta property=\"og:description\" content=\"Wer an Destination Canada teilnimmt, kann sich geborgen und sicher f\u00fchlen.\" \/>\n<meta property=\"og:url\" content=\"https:\/\/english-in-canada.com\/de\/tryghed\/\" \/>\n<meta property=\"og:site_name\" content=\"English in Canada\" \/>\n<meta property=\"article:modified_time\" content=\"2024-08-13T13:06:54+00:00\" \/>\n<meta property=\"og:image\" content=\"https:\/\/english-in-canada.com\/wp-content\/uploads\/2024\/01\/german-group-arrival-july-8.jpg\" \/>\n\t<meta property=\"og:image:width\" content=\"2016\" \/>\n\t<meta property=\"og:image:height\" content=\"1134\" \/>\n\t<meta property=\"og:image:type\" content=\"image\/jpeg\" \/>\n<meta name=\"twitter:card\" content=\"summary_large_image\" \/>\n<meta name=\"twitter:label1\" content=\"Gesch\u00e4tzte Lesezeit\" \/>\n\t<meta name=\"twitter:data1\" content=\"3\u00a0Minuten\" \/>\n<script type=\"application\/ld+json\" class=\"yoast-schema-graph\">{\"@context\":\"https:\/\/schema.org\",\"@graph\":[{\"@type\":\"WebPage\",\"@id\":\"https:\/\/english-in-canada.com\/de\/tryghed\/\",\"url\":\"https:\/\/english-in-canada.com\/de\/tryghed\/\",\"name\":\"Geborgenheit und Sicherheit | English in Canada\",\"isPartOf\":{\"@id\":\"https:\/\/english-in-canada.com\/de\/#website\"},\"primaryImageOfPage\":{\"@id\":\"https:\/\/english-in-canada.com\/de\/tryghed\/#primaryimage\"},\"image\":{\"@id\":\"https:\/\/english-in-canada.com\/de\/tryghed\/#primaryimage\"},\"thumbnailUrl\":\"https:\/\/english-in-canada.com\/wp-content\/uploads\/2024\/01\/german-group-arrival-july-8.jpg\",\"datePublished\":\"2023-12-12T09:30:49+00:00\",\"dateModified\":\"2024-08-13T13:06:54+00:00\",\"breadcrumb\":{\"@id\":\"https:\/\/english-in-canada.com\/de\/tryghed\/#breadcrumb\"},\"inLanguage\":\"de\",\"potentialAction\":[{\"@type\":\"ReadAction\",\"target\":[\"https:\/\/english-in-canada.com\/de\/tryghed\/\"]}]},{\"@type\":\"ImageObject\",\"inLanguage\":\"de\",\"@id\":\"https:\/\/english-in-canada.com\/de\/tryghed\/#primaryimage\",\"url\":\"https:\/\/english-in-canada.com\/wp-content\/uploads\/2024\/01\/german-group-arrival-july-8.jpg\",\"contentUrl\":\"https:\/\/english-in-canada.com\/wp-content\/uploads\/2024\/01\/german-group-arrival-july-8.jpg\",\"width\":2016,\"height\":1134},{\"@type\":\"BreadcrumbList\",\"@id\":\"https:\/\/english-in-canada.com\/de\/tryghed\/#breadcrumb\",\"itemListElement\":[{\"@type\":\"ListItem\",\"position\":1,\"name\":\"Hjem\",\"item\":\"https:\/\/english-in-canada.com\/de\/\"},{\"@type\":\"ListItem\",\"position\":2,\"name\":\"Geborgenheit und Sicherheit\"}]},{\"@type\":\"WebSite\",\"@id\":\"https:\/\/english-in-canada.com\/de\/#website\",\"url\":\"https:\/\/english-in-canada.com\/de\/\",\"name\":\"English in Canada\",\"description\":\"English in Canada tilbyder sprogrejser, sprogrejser p\u00e5 engelsk, sprogcamp og sprogskole i Canada\",\"publisher\":{\"@id\":\"https:\/\/english-in-canada.com\/de\/#organization\"},\"potentialAction\":[{\"@type\":\"SearchAction\",\"target\":{\"@type\":\"EntryPoint\",\"urlTemplate\":\"https:\/\/english-in-canada.com\/de\/?s={search_term_string}\"},\"query-input\":{\"@type\":\"PropertyValueSpecification\",\"valueRequired\":true,\"valueName\":\"search_term_string\"}}],\"inLanguage\":\"de\"},{\"@type\":\"Organization\",\"@id\":\"https:\/\/english-in-canada.com\/de\/#organization\",\"name\":\"English in Canada\",\"url\":\"https:\/\/english-in-canada.com\/de\/\",\"logo\":{\"@type\":\"ImageObject\",\"inLanguage\":\"de\",\"@id\":\"https:\/\/english-in-canada.com\/de\/#\/schema\/logo\/image\/\",\"url\":\"https:\/\/english-in-canada.com\/wp-content\/uploads\/2023\/11\/englishincanada-logo.png\",\"contentUrl\":\"https:\/\/english-in-canada.com\/wp-content\/uploads\/2023\/11\/englishincanada-logo.png\",\"width\":164,\"height\":164,\"caption\":\"English in Canada\"},\"image\":{\"@id\":\"https:\/\/english-in-canada.com\/de\/#\/schema\/logo\/image\/\"}}]}<\/script>\n<!-- \/ Yoast SEO plugin. -->","yoast_head_json":{"title":"Geborgenheit und Sicherheit | English in Canada","robots":{"index":"index","follow":"follow","max-snippet":"max-snippet:-1","max-image-preview":"max-image-preview:large","max-video-preview":"max-video-preview:-1"},"canonical":"https:\/\/english-in-canada.com\/de\/tryghed\/","og_locale":"de_DE","og_type":"article","og_title":"Geborgenheit und Sicherheit | English in Canada","og_description":"Wer an Destination Canada teilnimmt, kann sich geborgen und sicher f\u00fchlen.","og_url":"https:\/\/english-in-canada.com\/de\/tryghed\/","og_site_name":"English in Canada","article_modified_time":"2024-08-13T13:06:54+00:00","og_image":[{"width":2016,"height":1134,"url":"https:\/\/english-in-canada.com\/wp-content\/uploads\/2024\/01\/german-group-arrival-july-8.jpg","type":"image\/jpeg"}],"twitter_card":"summary_large_image","twitter_misc":{"Gesch\u00e4tzte Lesezeit":"3\u00a0Minuten"},"schema":{"@context":"https:\/\/schema.org","@graph":[{"@type":"WebPage","@id":"https:\/\/english-in-canada.com\/de\/tryghed\/","url":"https:\/\/english-in-canada.com\/de\/tryghed\/","name":"Geborgenheit und Sicherheit | English in Canada","isPartOf":{"@id":"https:\/\/english-in-canada.com\/de\/#website"},"primaryImageOfPage":{"@id":"https:\/\/english-in-canada.com\/de\/tryghed\/#primaryimage"},"image":{"@id":"https:\/\/english-in-canada.com\/de\/tryghed\/#primaryimage"},"thumbnailUrl":"https:\/\/english-in-canada.com\/wp-content\/uploads\/2024\/01\/german-group-arrival-july-8.jpg","datePublished":"2023-12-12T09:30:49+00:00","dateModified":"2024-08-13T13:06:54+00:00","breadcrumb":{"@id":"https:\/\/english-in-canada.com\/de\/tryghed\/#breadcrumb"},"inLanguage":"de","potentialAction":[{"@type":"ReadAction","target":["https:\/\/english-in-canada.com\/de\/tryghed\/"]}]},{"@type":"ImageObject","inLanguage":"de","@id":"https:\/\/english-in-canada.com\/de\/tryghed\/#primaryimage","url":"https:\/\/english-in-canada.com\/wp-content\/uploads\/2024\/01\/german-group-arrival-july-8.jpg","contentUrl":"https:\/\/english-in-canada.com\/wp-content\/uploads\/2024\/01\/german-group-arrival-july-8.jpg","width":2016,"height":1134},{"@type":"BreadcrumbList","@id":"https:\/\/english-in-canada.com\/de\/tryghed\/#breadcrumb","itemListElement":[{"@type":"ListItem","position":1,"name":"Hjem","item":"https:\/\/english-in-canada.com\/de\/"},{"@type":"ListItem","position":2,"name":"Geborgenheit und Sicherheit"}]},{"@type":"WebSite","@id":"https:\/\/english-in-canada.com\/de\/#website","url":"https:\/\/english-in-canada.com\/de\/","name":"English in Canada","description":"English in Canada tilbyder sprogrejser, sprogrejser p\u00e5 engelsk, sprogcamp og sprogskole i Canada","publisher":{"@id":"https:\/\/english-in-canada.com\/de\/#organization"},"potentialAction":[{"@type":"SearchAction","target":{"@type":"EntryPoint","urlTemplate":"https:\/\/english-in-canada.com\/de\/?s={search_term_string}"},"query-input":{"@type":"PropertyValueSpecification","valueRequired":true,"valueName":"search_term_string"}}],"inLanguage":"de"},{"@type":"Organization","@id":"https:\/\/english-in-canada.com\/de\/#organization","name":"English in Canada","url":"https:\/\/english-in-canada.com\/de\/","logo":{"@type":"ImageObject","inLanguage":"de","@id":"https:\/\/english-in-canada.com\/de\/#\/schema\/logo\/image\/","url":"https:\/\/english-in-canada.com\/wp-content\/uploads\/2023\/11\/englishincanada-logo.png","contentUrl":"https:\/\/english-in-canada.com\/wp-content\/uploads\/2023\/11\/englishincanada-logo.png","width":164,"height":164,"caption":"English in Canada"},"image":{"@id":"https:\/\/english-in-canada.com\/de\/#\/schema\/logo\/image\/"}}]}},"_links":{"self":[{"href":"https:\/\/english-in-canada.com\/de\/wp-json\/wp\/v2\/pages\/4986"}],"collection":[{"href":"https:\/\/english-in-canada.com\/de\/wp-json\/wp\/v2\/pages"}],"about":[{"href":"https:\/\/english-in-canada.com\/de\/wp-json\/wp\/v2\/types\/page"}],"author":[{"embeddable":true,"href":"https:\/\/english-in-canada.com\/de\/wp-json\/wp\/v2\/users\/3"}],"replies":[{"embeddable":true,"href":"https:\/\/english-in-canada.com\/de\/wp-json\/wp\/v2\/comments?post=4986"}],"version-history":[{"count":7,"href":"https:\/\/english-in-canada.com\/de\/wp-json\/wp\/v2\/pages\/4986\/revisions"}],"predecessor-version":[{"id":5086,"href":"https:\/\/english-in-canada.com\/de\/wp-json\/wp\/v2\/pages\/4986\/revisions\/5086"}],"wp:featuredmedia":[{"embeddable":true,"href":"https:\/\/english-in-canada.com\/de\/wp-json\/wp\/v2\/media\/4987"}],"wp:attachment":[{"href":"https:\/\/english-in-canada.com\/de\/wp-json\/wp\/v2\/media?parent=4986"}],"wp:term":[{"taxonomy":"category","embeddable":true,"href":"https:\/\/english-in-canada.com\/de\/wp-json\/wp\/v2\/categories?post=4986"}],"curies":[{"name":"wp","href":"https:\/\/api.w.org\/{rel}","templated":true}]}}