{"id":4991,"date":"2023-12-06T16:37:56","date_gmt":"2023-12-06T15:37:56","guid":{"rendered":"https:\/\/english-in-canada.com\/campus\/"},"modified":"2024-01-30T09:56:02","modified_gmt":"2024-01-30T08:56:02","slug":"campus","status":"publish","type":"page","link":"https:\/\/english-in-canada.com\/de\/campus\/","title":{"rendered":"Campus"},"content":{"rendered":"<section class=\"wpb-content-wrapper\"><p>[vc_row full_width=&#8220;stretch_row&#8220;][vc_column]<div class=\"ult-spacer spacer-69e3760cd2711\" data-id=\"69e3760cd2711\" data-height=\"90\" data-height-mobile=\"60\" data-height-tab=\"90\" data-height-tab-portrait=\"60\" data-height-mobile-landscape=\"60\" style=\"clear:both;display:block;\"><\/div>[vc_column_text]<\/p>\n<h2>Carleton University Campus<\/h2>\n<p>[\/vc_column_text][vc_empty_space height=&#8220;30px&#8220;][vc_separator color=&#8220;custom&#8220; border_width=&#8220;2&#8243; accent_color=&#8220;#f7f7f7&#8243;][vc_empty_space height=&#8220;30px&#8220;][vc_row_inner][vc_column_inner offset=&#8220;vc_col-lg-8 vc_col-md-8 vc_col-xs-12&#8243;][vc_column_text]Destination Canada findet auf dem Carleton University Campus statt, der zwischen dem Ottawa River und dem Rideau Canal in einer sehr sch\u00f6nen Gegend liegt.<\/p>\n<p>Bei Destination Canada sind die Teilnehmer\/Innen in 2-Bett-Zimmern untergebracht, wobei sich zwei Zimmer ein Badezimmer teilen. M\u00e4dchen und Jungen wohnen auf getrennten Fluren. Alle Zimmer werden w\u00f6chentlich gereinigt und die Bettw\u00e4sche wird w\u00f6chentlich gewechselt.<\/p>\n<p>Fr\u00fchst\u00fcck, Mittag- und Abendessen gibt\u2019s im Caf\u00e9, das zu allen drei Mahlzeiten ein Buffet serviert. Es gibt eine gro\u00dfe Auswahl an warmen und kalten Speisen und Getr\u00e4nken. Das Caf\u00e9 serviert t\u00e4glich vegetarische Gerichte, veganes Essen und Halal-Essen. Wenn jemand eine Intoleranz hat, beraten und helfen wir nat\u00fcrlich. Bei Bedarf gibt\u2018s ein Gespr\u00e4ch mit einem Ern\u00e4hrungsberater.<\/p>\n<p>Destination Canada kann alle Einrichtungen und Sportanlagen auf dem Campus der Carleton University nutzen[\/vc_column_text]<div class=\"ult-spacer spacer-69e3760cd275d\" data-id=\"69e3760cd275d\" data-height=\"0\" data-height-mobile=\"30\" data-height-tab=\"0\" data-height-tab-portrait=\"30\" data-height-mobile-landscape=\"30\" style=\"clear:both;display:block;\"><\/div>[\/vc_column_inner][vc_column_inner el_class=&#8220;custsidebartext&#8220; offset=&#8220;vc_col-lg-4 vc_col-md-4 vc_col-xs-12&#8243;][vc_column_text]<\/p>\n<h3 style=\"text-align: center;\">Om English in Canada<\/h3>\n<p style=\"text-align: center;\">English in Canada tilbyder sprogrejse med h\u00f8j kvalitet og stor tryghed<\/p>\n<p style=\"text-align: center;\"><strong>Kunne du t\u00e6nke dig:<\/strong><\/p>\n<p style=\"text-align: center;\">at tilbringe 3 eller 4 uger i Canada i sommerferien<\/p>\n<p style=\"text-align: center;\">at l\u00e6re en masse engelsk<\/p>\n<p style=\"text-align: center;\">at m\u00f8de j\u00e6vnaldrende unge fra mange andre lande<\/p>\n<p style=\"text-align: center;\">at v\u00e6re med til aktiviteter om eftermiddagen og aftenen<\/p>\n<p style=\"text-align: center;\">at opleve canadisk kultur og natur<\/p>\n<p>[\/vc_column_text][\/vc_column_inner][\/vc_row_inner]<div class=\"ult-spacer spacer-69e3760cd2782\" data-id=\"69e3760cd2782\" data-height=\"60\" data-height-mobile=\"30\" data-height-tab=\"60\" data-height-tab-portrait=\"30\" data-height-mobile-landscape=\"30\" style=\"clear:both;display:block;\"><\/div>[vc_media_grid style=&#8220;pagination&#8220; items_per_page=&#8220;4&#8243; element_width=&#8220;3&#8243; gap=&#8220;15&#8243; arrows_design=&#8220;vc_arrow-icon-arrow_01_left&#8220; arrows_position=&#8220;outside&#8220; arrows_color=&#8220;black&#8220; paging_design=&#8220;none&#8220; grid_id=&#8220;vc_gid:1706604925304-dc13e386-694d-6&#8243; include=&#8220;4826,4835,4838,4832,4829&#8243;]<div class=\"ult-spacer spacer-69e3760cd27a1\" data-id=\"69e3760cd27a1\" data-height=\"90\" data-height-mobile=\"60\" data-height-tab=\"90\" data-height-tab-portrait=\"60\" data-height-mobile-landscape=\"60\" style=\"clear:both;display:block;\"><\/div>[\/vc_column][\/vc_row][vc_row full_width=&#8220;stretch_row&#8220; el_class=&#8220;overlay parallax overflow-row&#8220; css=&#8220;.vc_custom_1701346331801{background-image: url(https:\/\/english-in-canada.wk229.dk\/wp-content\/uploads\/2023\/11\/istock-525508231-min.jpg?id=4633) !important;background-position: center !important;background-repeat: no-repeat !important;background-size: cover !important;}&#8220;][vc_column]<div class=\"ult-spacer spacer-69e3760cd27be\" data-id=\"69e3760cd27be\" data-height=\"90\" data-height-mobile=\"60\" data-height-tab=\"90\" data-height-tab-portrait=\"60\" data-height-mobile-landscape=\"60\" style=\"clear:both;display:block;\"><\/div>[vc_row_inner css=&#8220;.vc_custom_1682518429141{margin-right: 0px !important;margin-left: 0px !important;}&#8220;][vc_column_inner el_class=&#8220;overflow-box-footer&#8220;][vc_empty_space height=&#8220;60px&#8220;][vc_column_text]<\/p>\n<h3 align=\"center\"><span lang=\"de\">English in Canada kontaktieren<\/span><\/h3>\n<h4 align=\"center\"><span lang=\"de\">Haben Sie Fragen oder m\u00f6chten Sie mehr Informationen? Gerne k\u00f6nnen Sie uns unverbindlich anrufen oder anschreiben<\/span><\/h4>\n<p>[\/vc_column_text][vc_empty_space height=&#8220;15px&#8220;][vc_btn title=&#8220;Nehmen Sie noch heute Kontakt mit uns auf&#8220; style=&#8220;custom&#8220; custom_background=&#8220;#fc5623&#8243; custom_text=&#8220;#ffffff&#8220; shape=&#8220;square&#8220; align=&#8220;center&#8220; link=&#8220;url:%2Fkontakt%2F|title:Kontakt&#8220;][vc_empty_space height=&#8220;60px&#8220;][\/vc_column_inner][\/vc_row_inner][\/vc_column][\/vc_row]<\/p>\n<\/section>","protected":false},"excerpt":{"rendered":"<p>[vc_row full_width=&#8220;stretch_row&#8220;][vc_column][vc_column_text] Carleton University Campus [\/vc_column_text][vc_empty_space height=&#8220;30px&#8220;][vc_separator color=&#8220;custom&#8220; border_width=&#8220;2&#8243; accent_color=&#8220;#f7f7f7&#8243;][vc_empty_space height=&#8220;30px&#8220;][vc_row_inner][vc_column_inner offset=&#8220;vc_col-lg-8 vc_col-md-8 vc_col-xs-12&#8243;][vc_column_text]Destination Canada findet auf dem Carleton University Campus statt, der zwischen dem Ottawa River und dem Rideau Canal in einer sehr sch\u00f6nen Gegend liegt. Bei Destination Canada sind die Teilnehmer\/Innen in 2-Bett-Zimmern untergebracht, wobei sich zwei Zimmer ein Badezimmer teilen. M\u00e4dchen und &#8230; <a title=\"Campus\" class=\"read-more\" href=\"https:\/\/english-in-canada.com\/de\/campus\/\" aria-label=\"Mehr zu Campus\">Weiterlesen &#8230;<\/a><\/p>\n","protected":false},"author":1,"featured_media":0,"parent":0,"menu_order":8,"comment_status":"closed","ping_status":"closed","template":"","meta":{"_acf_changed":false,"footnotes":""},"categories":[],"acf":[],"yoast_head":"<!-- This site is optimized with the Yoast SEO plugin v24.5 - https:\/\/yoast.com\/wordpress\/plugins\/seo\/ -->\n<title>Campus | English in Canada<\/title>\n<meta name=\"robots\" content=\"index, follow, max-snippet:-1, max-image-preview:large, max-video-preview:-1\" \/>\n<link rel=\"canonical\" href=\"https:\/\/english-in-canada.com\/de\/campus\/\" \/>\n<meta property=\"og:locale\" content=\"de_DE\" \/>\n<meta property=\"og:type\" content=\"article\" \/>\n<meta property=\"og:title\" content=\"Campus | English in Canada\" \/>\n<meta property=\"og:description\" content=\"[vc_row full_width=&#8220;stretch_row&#8220;][vc_column][vc_column_text] Carleton University Campus [\/vc_column_text][vc_empty_space height=&#8220;30px&#8220;][vc_separator color=&#8220;custom&#8220; border_width=&#8220;2&#8243; accent_color=&#8220;#f7f7f7&#8243;][vc_empty_space height=&#8220;30px&#8220;][vc_row_inner][vc_column_inner offset=&#8220;vc_col-lg-8 vc_col-md-8 vc_col-xs-12&#8243;][vc_column_text]Destination Canada findet auf dem Carleton University Campus statt, der zwischen dem Ottawa River und dem Rideau Canal in einer sehr sch\u00f6nen Gegend liegt. Bei Destination Canada sind die Teilnehmer\/Innen in 2-Bett-Zimmern untergebracht, wobei sich zwei Zimmer ein Badezimmer teilen. M\u00e4dchen und ... Weiterlesen ...\" \/>\n<meta property=\"og:url\" content=\"https:\/\/english-in-canada.com\/de\/campus\/\" \/>\n<meta property=\"og:site_name\" content=\"English in Canada\" \/>\n<meta property=\"article:modified_time\" content=\"2024-01-30T08:56:02+00:00\" \/>\n<meta name=\"twitter:card\" content=\"summary_large_image\" \/>\n<meta name=\"twitter:label1\" content=\"Gesch\u00e4tzte Lesezeit\" \/>\n\t<meta name=\"twitter:data1\" content=\"3\u00a0Minuten\" \/>\n<script type=\"application\/ld+json\" class=\"yoast-schema-graph\">{\"@context\":\"https:\/\/schema.org\",\"@graph\":[{\"@type\":\"WebPage\",\"@id\":\"https:\/\/english-in-canada.com\/de\/campus\/\",\"url\":\"https:\/\/english-in-canada.com\/de\/campus\/\",\"name\":\"Campus | English in Canada\",\"isPartOf\":{\"@id\":\"https:\/\/english-in-canada.com\/de\/#website\"},\"datePublished\":\"2023-12-06T15:37:56+00:00\",\"dateModified\":\"2024-01-30T08:56:02+00:00\",\"breadcrumb\":{\"@id\":\"https:\/\/english-in-canada.com\/de\/campus\/#breadcrumb\"},\"inLanguage\":\"de\",\"potentialAction\":[{\"@type\":\"ReadAction\",\"target\":[\"https:\/\/english-in-canada.com\/de\/campus\/\"]}]},{\"@type\":\"BreadcrumbList\",\"@id\":\"https:\/\/english-in-canada.com\/de\/campus\/#breadcrumb\",\"itemListElement\":[{\"@type\":\"ListItem\",\"position\":1,\"name\":\"Hjem\",\"item\":\"https:\/\/english-in-canada.com\/de\/\"},{\"@type\":\"ListItem\",\"position\":2,\"name\":\"Campus\"}]},{\"@type\":\"WebSite\",\"@id\":\"https:\/\/english-in-canada.com\/de\/#website\",\"url\":\"https:\/\/english-in-canada.com\/de\/\",\"name\":\"English in Canada\",\"description\":\"English in Canada tilbyder sprogrejser, sprogrejser p\u00e5 engelsk, sprogcamp og sprogskole i Canada\",\"publisher\":{\"@id\":\"https:\/\/english-in-canada.com\/de\/#organization\"},\"potentialAction\":[{\"@type\":\"SearchAction\",\"target\":{\"@type\":\"EntryPoint\",\"urlTemplate\":\"https:\/\/english-in-canada.com\/de\/?s={search_term_string}\"},\"query-input\":{\"@type\":\"PropertyValueSpecification\",\"valueRequired\":true,\"valueName\":\"search_term_string\"}}],\"inLanguage\":\"de\"},{\"@type\":\"Organization\",\"@id\":\"https:\/\/english-in-canada.com\/de\/#organization\",\"name\":\"English in Canada\",\"url\":\"https:\/\/english-in-canada.com\/de\/\",\"logo\":{\"@type\":\"ImageObject\",\"inLanguage\":\"de\",\"@id\":\"https:\/\/english-in-canada.com\/de\/#\/schema\/logo\/image\/\",\"url\":\"https:\/\/english-in-canada.com\/wp-content\/uploads\/2023\/11\/englishincanada-logo.png\",\"contentUrl\":\"https:\/\/english-in-canada.com\/wp-content\/uploads\/2023\/11\/englishincanada-logo.png\",\"width\":164,\"height\":164,\"caption\":\"English in Canada\"},\"image\":{\"@id\":\"https:\/\/english-in-canada.com\/de\/#\/schema\/logo\/image\/\"}}]}<\/script>\n<!-- \/ Yoast SEO plugin. -->","yoast_head_json":{"title":"Campus | English in Canada","robots":{"index":"index","follow":"follow","max-snippet":"max-snippet:-1","max-image-preview":"max-image-preview:large","max-video-preview":"max-video-preview:-1"},"canonical":"https:\/\/english-in-canada.com\/de\/campus\/","og_locale":"de_DE","og_type":"article","og_title":"Campus | English in Canada","og_description":"[vc_row full_width=&#8220;stretch_row&#8220;][vc_column][vc_column_text] Carleton University Campus [\/vc_column_text][vc_empty_space height=&#8220;30px&#8220;][vc_separator color=&#8220;custom&#8220; border_width=&#8220;2&#8243; accent_color=&#8220;#f7f7f7&#8243;][vc_empty_space height=&#8220;30px&#8220;][vc_row_inner][vc_column_inner offset=&#8220;vc_col-lg-8 vc_col-md-8 vc_col-xs-12&#8243;][vc_column_text]Destination Canada findet auf dem Carleton University Campus statt, der zwischen dem Ottawa River und dem Rideau Canal in einer sehr sch\u00f6nen Gegend liegt. Bei Destination Canada sind die Teilnehmer\/Innen in 2-Bett-Zimmern untergebracht, wobei sich zwei Zimmer ein Badezimmer teilen. M\u00e4dchen und ... Weiterlesen ...","og_url":"https:\/\/english-in-canada.com\/de\/campus\/","og_site_name":"English in Canada","article_modified_time":"2024-01-30T08:56:02+00:00","twitter_card":"summary_large_image","twitter_misc":{"Gesch\u00e4tzte Lesezeit":"3\u00a0Minuten"},"schema":{"@context":"https:\/\/schema.org","@graph":[{"@type":"WebPage","@id":"https:\/\/english-in-canada.com\/de\/campus\/","url":"https:\/\/english-in-canada.com\/de\/campus\/","name":"Campus | English in Canada","isPartOf":{"@id":"https:\/\/english-in-canada.com\/de\/#website"},"datePublished":"2023-12-06T15:37:56+00:00","dateModified":"2024-01-30T08:56:02+00:00","breadcrumb":{"@id":"https:\/\/english-in-canada.com\/de\/campus\/#breadcrumb"},"inLanguage":"de","potentialAction":[{"@type":"ReadAction","target":["https:\/\/english-in-canada.com\/de\/campus\/"]}]},{"@type":"BreadcrumbList","@id":"https:\/\/english-in-canada.com\/de\/campus\/#breadcrumb","itemListElement":[{"@type":"ListItem","position":1,"name":"Hjem","item":"https:\/\/english-in-canada.com\/de\/"},{"@type":"ListItem","position":2,"name":"Campus"}]},{"@type":"WebSite","@id":"https:\/\/english-in-canada.com\/de\/#website","url":"https:\/\/english-in-canada.com\/de\/","name":"English in Canada","description":"English in Canada tilbyder sprogrejser, sprogrejser p\u00e5 engelsk, sprogcamp og sprogskole i Canada","publisher":{"@id":"https:\/\/english-in-canada.com\/de\/#organization"},"potentialAction":[{"@type":"SearchAction","target":{"@type":"EntryPoint","urlTemplate":"https:\/\/english-in-canada.com\/de\/?s={search_term_string}"},"query-input":{"@type":"PropertyValueSpecification","valueRequired":true,"valueName":"search_term_string"}}],"inLanguage":"de"},{"@type":"Organization","@id":"https:\/\/english-in-canada.com\/de\/#organization","name":"English in Canada","url":"https:\/\/english-in-canada.com\/de\/","logo":{"@type":"ImageObject","inLanguage":"de","@id":"https:\/\/english-in-canada.com\/de\/#\/schema\/logo\/image\/","url":"https:\/\/english-in-canada.com\/wp-content\/uploads\/2023\/11\/englishincanada-logo.png","contentUrl":"https:\/\/english-in-canada.com\/wp-content\/uploads\/2023\/11\/englishincanada-logo.png","width":164,"height":164,"caption":"English in Canada"},"image":{"@id":"https:\/\/english-in-canada.com\/de\/#\/schema\/logo\/image\/"}}]}},"_links":{"self":[{"href":"https:\/\/english-in-canada.com\/de\/wp-json\/wp\/v2\/pages\/4991"}],"collection":[{"href":"https:\/\/english-in-canada.com\/de\/wp-json\/wp\/v2\/pages"}],"about":[{"href":"https:\/\/english-in-canada.com\/de\/wp-json\/wp\/v2\/types\/page"}],"author":[{"embeddable":true,"href":"https:\/\/english-in-canada.com\/de\/wp-json\/wp\/v2\/users\/1"}],"replies":[{"embeddable":true,"href":"https:\/\/english-in-canada.com\/de\/wp-json\/wp\/v2\/comments?post=4991"}],"version-history":[{"count":2,"href":"https:\/\/english-in-canada.com\/de\/wp-json\/wp\/v2\/pages\/4991\/revisions"}],"predecessor-version":[{"id":5055,"href":"https:\/\/english-in-canada.com\/de\/wp-json\/wp\/v2\/pages\/4991\/revisions\/5055"}],"wp:attachment":[{"href":"https:\/\/english-in-canada.com\/de\/wp-json\/wp\/v2\/media?parent=4991"}],"wp:term":[{"taxonomy":"category","embeddable":true,"href":"https:\/\/english-in-canada.com\/de\/wp-json\/wp\/v2\/categories?post=4991"}],"curies":[{"name":"wp","href":"https:\/\/api.w.org\/{rel}","templated":true}]}}