{"id":4993,"date":"2023-12-06T16:37:55","date_gmt":"2023-12-06T15:37:55","guid":{"rendered":"https:\/\/english-in-canada.com\/niagara-falls\/"},"modified":"2025-07-29T11:22:36","modified_gmt":"2025-07-29T09:22:36","slug":"niagara-falls","status":"publish","type":"page","link":"https:\/\/english-in-canada.com\/de\/niagara-falls\/","title":{"rendered":"Niagara Falls"},"content":{"rendered":"<section class=\"wpb-content-wrapper\"><p>[vc_row full_width=&#8220;stretch_row&#8220;][vc_column]<div class=\"ult-spacer spacer-69e38b8a24586\" data-id=\"69e38b8a24586\" data-height=\"90\" data-height-mobile=\"60\" data-height-tab=\"90\" data-height-tab-portrait=\"60\" data-height-mobile-landscape=\"60\" style=\"clear:both;display:block;\"><\/div>[vc_column_text]<\/p>\n<h2>Extratouren<\/h2>\n<p>[\/vc_column_text][vc_empty_space height=&#8220;30px&#8220;][vc_separator color=&#8220;custom&#8220; border_width=&#8220;2&#8243; accent_color=&#8220;#f7f7f7&#8243;][vc_empty_space height=&#8220;30px&#8220;][vc_row_inner][vc_column_inner offset=&#8220;vc_col-lg-8 vc_col-md-8 vc_col-xs-12&#8243;][vc_column_text]Destination Canada bietet zwei extra Touren an, die nicht im Preis von Destination Canada enthalten sind:<\/p>\n<h3>Toronto und Niagaraf\u00e4lle<\/h3>\n<p>Egal ob du f\u00fcr 3 oder 4 Wochen an Destination Canada teilnimmst, kannst du diese Tour machen.<\/p>\n<p>Der zweit\u00e4gige Ausflug nach Toronto und zu den Niagaraf\u00e4llen findet immer an einem Sonntag und Montag statt. Die Tour beginnt in Kanadas gr\u00f6\u00dfter Stadt Toronto im Canada&#8217;s Wonderland, einem der gr\u00f6\u00dften Vergn\u00fcgungsparks Kanadas.[\/vc_column_text][vc_empty_space height=&#8220;30px&#8220;][vc_media_grid style=&#8220;pagination&#8220; items_per_page=&#8220;2&#8243; element_width=&#8220;6&#8243; gap=&#8220;15&#8243; arrows_design=&#8220;vc_arrow-icon-arrow_01_left&#8220; arrows_color=&#8220;juicy_pink&#8220; paging_design=&#8220;none&#8220; grid_id=&#8220;vc_gid:1753780908412-d85a2cc3-b981-7&#8243; include=&#8220;4811,4814,4817&#8243;][vc_empty_space height=&#8220;30px&#8220;][vc_column_text]Anschlie\u00dfend \u00fcbernachten wir in einem Hotel. Am n\u00e4chsten Morgen geht\u2018s zu den Niagaraf\u00e4llen, wo die Sch\u00fcler\/Innen im Skylon Tower fr\u00fchst\u00fccken und einen fantastischen Blick auf die beiden Wasserf\u00e4lle haben. Anschlie\u00dfend gibt\u2019s eine Bootsfahrt an dem kanadischen und amerikanischen Wasserfall vorbei.[\/vc_column_text][vc_empty_space height=&#8220;30px&#8220;][vc_media_grid style=&#8220;pagination&#8220; items_per_page=&#8220;2&#8243; element_width=&#8220;6&#8243; gap=&#8220;15&#8243; arrows_design=&#8220;vc_arrow-icon-arrow_01_left&#8220; arrows_color=&#8220;juicy_pink&#8220; paging_design=&#8220;none&#8220; grid_id=&#8220;vc_gid:1753780908415-d9861b4e-0374-7&#8243; include=&#8220;4805,4802,4951&#8243;][vc_empty_space height=&#8220;30px&#8220;][vc_column_text]Auf der R\u00fccktour nach Ottawa machen wir noch einmal halt in Toronto, um auf den CN-Tower zu steigen, einem der h\u00f6chsten T\u00fcrme der Welt.[\/vc_column_text][vc_empty_space height=&#8220;30px&#8220;][vc_media_grid style=&#8220;pagination&#8220; items_per_page=&#8220;2&#8243; element_width=&#8220;6&#8243; gap=&#8220;15&#8243; arrows_design=&#8220;vc_arrow-icon-arrow_01_left&#8220; arrows_color=&#8220;juicy_pink&#8220; paging_design=&#8220;none&#8220; grid_id=&#8220;vc_gid:1753780908418-58501508-3ff6-10&#8243; include=&#8220;4808,4954&#8243;][vc_empty_space height=&#8220;30px&#8220;][vc_column_text]Wir haben auf dieser Reise eine Deutsch sprachige Begleitung dabei.<\/p>\n<p>Die Tour kostet 570 US-Dollar.<\/p>\n<h3>Extratour Outdoor Adventure Day<\/h3>\n<p>Wenn du gerne k\u00f6rperlich aktiv und gerne in der Natur unterwegs bist, ist der Outdoor Adventure Day genau das Richtige f\u00fcr dich. Die Tour beginnt in einem gro\u00dfen Kletterpark mit vielen verschiedenen Aktivit\u00e4ten. Au\u00dferdem hast du die M\u00f6glichkeit zu wandern und im See zu schwimmen.<\/p>\n<p>Der Leiter dieser Tour hat mehrfach am WM-Triathlon teilgenommen. Er hat Wanderungen auf dem West Coast Trail auf Vancouver Island im Westen Kanadas und Bergtouren zum Kilimandscharo geleitet.<\/p>\n<p>Auf dieser eint\u00e4gigen Tour haben wir eine Deutsch sprachige Begleitung dabei.<br \/>\nDie Tour kostet 150 US-Dollar[\/vc_column_text][vc_empty_space height=&#8220;30px&#8220;][vc_media_grid style=&#8220;pagination&#8220; items_per_page=&#8220;2&#8243; element_width=&#8220;6&#8243; gap=&#8220;15&#8243; arrows_design=&#8220;vc_arrow-icon-arrow_01_left&#8220; arrows_color=&#8220;juicy_pink&#8220; paging_design=&#8220;none&#8220; grid_id=&#8220;vc_gid:1753780908419-666cad13-6ab8-0&#8243; include=&#8220;4957,4820,4960&#8243;]<div class=\"ult-spacer spacer-69e38b8a245cb\" data-id=\"69e38b8a245cb\" data-height=\"0\" data-height-mobile=\"30\" data-height-tab=\"0\" data-height-tab-portrait=\"30\" data-height-mobile-landscape=\"30\" style=\"clear:both;display:block;\"><\/div>[\/vc_column_inner][vc_column_inner el_class=&#8220;custsidebartext&#8220; offset=&#8220;vc_col-lg-4 vc_col-md-4 vc_col-xs-12&#8243;][vc_column_text]<\/p>\n<h3 style=\"text-align: center;\"><span lang=\"de\">\u00dcber English in Canada<\/span><\/h3>\n<p style=\"text-align: center;\"><span lang=\"de\">Verbinde einen spa\u00dfigen und ergebnisreichen Englischunterricht mit einem spannenden Urlaub in Kanada. Lerne schnell Freunde aus aller Welt kennen. Du hast 25 Stunden spannenden und abwechslungsreichen Englischunterricht pro Woche. Am Nachmittag und Abend machst du Sport oder nimmst an vielen kulturellen Aktivit\u00e4ten und Erlebnissen teil. Alles auf Englisch. Ein besonderes Team ist f\u00fcr die Freizeitaktivit\u00e4ten verantwortlich. Alles Kanadier.<\/span><\/p>\n<p style=\"text-align: center;\"><span lang=\"de\">Besuche Montreal, Ottawa, Toronto, die Niagaraf\u00e4lle, Parc Omega und viele andere Orte. Unterbringung, Mahlzeiten und moderne Sportanlagen auf dem Uni-Campus sind im Preis inklusive. Besondere Aufmerksamkeit und F\u00fcrsorge f\u00fcr die j\u00fcngsten Kinder.<\/span><\/p>\n<p>[\/vc_column_text][\/vc_column_inner][\/vc_row_inner]<div class=\"ult-spacer spacer-69e38b8a245ee\" data-id=\"69e38b8a245ee\" data-height=\"90\" data-height-mobile=\"60\" data-height-tab=\"90\" data-height-tab-portrait=\"60\" data-height-mobile-landscape=\"60\" style=\"clear:both;display:block;\"><\/div>[\/vc_column][\/vc_row][vc_row full_width=&#8220;stretch_row&#8220; el_class=&#8220;overlay parallax overflow-row&#8220; css=&#8220;.vc_custom_1701346331801{background-image: url(https:\/\/english-in-canada.wk229.dk\/wp-content\/uploads\/2023\/11\/istock-525508231-min.jpg?id=4633) !important;background-position: center !important;background-repeat: no-repeat !important;background-size: cover !important;}&#8220;][vc_column]<div class=\"ult-spacer spacer-69e38b8a2460d\" data-id=\"69e38b8a2460d\" data-height=\"90\" data-height-mobile=\"60\" data-height-tab=\"90\" data-height-tab-portrait=\"60\" data-height-mobile-landscape=\"60\" style=\"clear:both;display:block;\"><\/div>[vc_row_inner css=&#8220;.vc_custom_1682518429141{margin-right: 0px !important;margin-left: 0px !important;}&#8220;][vc_column_inner el_class=&#8220;overflow-box-footer&#8220;][vc_empty_space height=&#8220;60px&#8220;][vc_column_text]<\/p>\n<h3 align=\"center\"><span lang=\"de\">English in Canada kontaktieren<\/span><\/h3>\n<h4 align=\"center\"><span lang=\"de\">Haben Sie Fragen oder m\u00f6chten Sie mehr Informationen? Gerne k\u00f6nnen Sie uns unverbindlich anrufen oder anschreiben<\/span><\/h4>\n<p>[\/vc_column_text][vc_empty_space height=&#8220;15px&#8220;][vc_btn title=&#8220;Nehmen Sie noch heute Kontakt mit uns auf&#8220; style=&#8220;custom&#8220; custom_background=&#8220;#fc5623&#8243; custom_text=&#8220;#ffffff&#8220; shape=&#8220;square&#8220; align=&#8220;center&#8220; link=&#8220;url:%2Fkontakt%2F|title:Kontakt&#8220;][vc_empty_space height=&#8220;60px&#8220;][\/vc_column_inner][\/vc_row_inner][\/vc_column][\/vc_row]<\/p>\n<\/section>","protected":false},"excerpt":{"rendered":"<p>Egal ob du f\u00fcr 3 oder 4 Wochen an Destination Canada teilnimmst, kannst du die Extratour nach Niagara Falls und Toronto mitmachen<\/p>\n","protected":false},"author":1,"featured_media":4807,"parent":0,"menu_order":6,"comment_status":"closed","ping_status":"closed","template":"","meta":{"_acf_changed":false,"footnotes":""},"categories":[48],"acf":[],"yoast_head":"<!-- This site is optimized with the Yoast SEO plugin v24.5 - https:\/\/yoast.com\/wordpress\/plugins\/seo\/ -->\n<title>Niagara Falls | English in Canada<\/title>\n<meta name=\"robots\" content=\"index, follow, max-snippet:-1, max-image-preview:large, max-video-preview:-1\" \/>\n<link rel=\"canonical\" href=\"https:\/\/english-in-canada.com\/de\/niagara-falls\/\" \/>\n<meta property=\"og:locale\" content=\"de_DE\" \/>\n<meta property=\"og:type\" content=\"article\" \/>\n<meta property=\"og:title\" content=\"Niagara Falls | English in Canada\" \/>\n<meta property=\"og:description\" content=\"Egal ob du f\u00fcr 3 oder 4 Wochen an Destination Canada teilnimmst, kannst du die Extratour nach Niagara Falls und Toronto mitmachen\" \/>\n<meta property=\"og:url\" content=\"https:\/\/english-in-canada.com\/de\/niagara-falls\/\" \/>\n<meta property=\"og:site_name\" content=\"English in Canada\" \/>\n<meta property=\"article:modified_time\" content=\"2025-07-29T09:22:36+00:00\" \/>\n<meta property=\"og:image\" content=\"https:\/\/english-in-canada.com\/wp-content\/uploads\/2023\/12\/website-31b-niagara.jpg\" \/>\n\t<meta property=\"og:image:width\" content=\"1060\" \/>\n\t<meta property=\"og:image:height\" content=\"707\" \/>\n\t<meta property=\"og:image:type\" content=\"image\/jpeg\" \/>\n<meta name=\"twitter:card\" content=\"summary_large_image\" \/>\n<meta name=\"twitter:label1\" content=\"Gesch\u00e4tzte Lesezeit\" \/>\n\t<meta name=\"twitter:data1\" content=\"4\u00a0Minuten\" \/>\n<script type=\"application\/ld+json\" class=\"yoast-schema-graph\">{\"@context\":\"https:\/\/schema.org\",\"@graph\":[{\"@type\":\"WebPage\",\"@id\":\"https:\/\/english-in-canada.com\/de\/niagara-falls\/\",\"url\":\"https:\/\/english-in-canada.com\/de\/niagara-falls\/\",\"name\":\"Niagara Falls | English in Canada\",\"isPartOf\":{\"@id\":\"https:\/\/english-in-canada.com\/de\/#website\"},\"primaryImageOfPage\":{\"@id\":\"https:\/\/english-in-canada.com\/de\/niagara-falls\/#primaryimage\"},\"image\":{\"@id\":\"https:\/\/english-in-canada.com\/de\/niagara-falls\/#primaryimage\"},\"thumbnailUrl\":\"https:\/\/english-in-canada.com\/wp-content\/uploads\/2023\/12\/website-31b-niagara.jpg\",\"datePublished\":\"2023-12-06T15:37:55+00:00\",\"dateModified\":\"2025-07-29T09:22:36+00:00\",\"breadcrumb\":{\"@id\":\"https:\/\/english-in-canada.com\/de\/niagara-falls\/#breadcrumb\"},\"inLanguage\":\"de\",\"potentialAction\":[{\"@type\":\"ReadAction\",\"target\":[\"https:\/\/english-in-canada.com\/de\/niagara-falls\/\"]}]},{\"@type\":\"ImageObject\",\"inLanguage\":\"de\",\"@id\":\"https:\/\/english-in-canada.com\/de\/niagara-falls\/#primaryimage\",\"url\":\"https:\/\/english-in-canada.com\/wp-content\/uploads\/2023\/12\/website-31b-niagara.jpg\",\"contentUrl\":\"https:\/\/english-in-canada.com\/wp-content\/uploads\/2023\/12\/website-31b-niagara.jpg\",\"width\":1060,\"height\":707},{\"@type\":\"BreadcrumbList\",\"@id\":\"https:\/\/english-in-canada.com\/de\/niagara-falls\/#breadcrumb\",\"itemListElement\":[{\"@type\":\"ListItem\",\"position\":1,\"name\":\"Hjem\",\"item\":\"https:\/\/english-in-canada.com\/de\/\"},{\"@type\":\"ListItem\",\"position\":2,\"name\":\"Niagara Falls\"}]},{\"@type\":\"WebSite\",\"@id\":\"https:\/\/english-in-canada.com\/de\/#website\",\"url\":\"https:\/\/english-in-canada.com\/de\/\",\"name\":\"English in Canada\",\"description\":\"English in Canada tilbyder sprogrejser, sprogrejser p\u00e5 engelsk, sprogcamp og sprogskole i Canada\",\"publisher\":{\"@id\":\"https:\/\/english-in-canada.com\/de\/#organization\"},\"potentialAction\":[{\"@type\":\"SearchAction\",\"target\":{\"@type\":\"EntryPoint\",\"urlTemplate\":\"https:\/\/english-in-canada.com\/de\/?s={search_term_string}\"},\"query-input\":{\"@type\":\"PropertyValueSpecification\",\"valueRequired\":true,\"valueName\":\"search_term_string\"}}],\"inLanguage\":\"de\"},{\"@type\":\"Organization\",\"@id\":\"https:\/\/english-in-canada.com\/de\/#organization\",\"name\":\"English in Canada\",\"url\":\"https:\/\/english-in-canada.com\/de\/\",\"logo\":{\"@type\":\"ImageObject\",\"inLanguage\":\"de\",\"@id\":\"https:\/\/english-in-canada.com\/de\/#\/schema\/logo\/image\/\",\"url\":\"https:\/\/english-in-canada.com\/wp-content\/uploads\/2023\/11\/englishincanada-logo.png\",\"contentUrl\":\"https:\/\/english-in-canada.com\/wp-content\/uploads\/2023\/11\/englishincanada-logo.png\",\"width\":164,\"height\":164,\"caption\":\"English in Canada\"},\"image\":{\"@id\":\"https:\/\/english-in-canada.com\/de\/#\/schema\/logo\/image\/\"}}]}<\/script>\n<!-- \/ Yoast SEO plugin. -->","yoast_head_json":{"title":"Niagara Falls | English in Canada","robots":{"index":"index","follow":"follow","max-snippet":"max-snippet:-1","max-image-preview":"max-image-preview:large","max-video-preview":"max-video-preview:-1"},"canonical":"https:\/\/english-in-canada.com\/de\/niagara-falls\/","og_locale":"de_DE","og_type":"article","og_title":"Niagara Falls | English in Canada","og_description":"Egal ob du f\u00fcr 3 oder 4 Wochen an Destination Canada teilnimmst, kannst du die Extratour nach Niagara Falls und Toronto mitmachen","og_url":"https:\/\/english-in-canada.com\/de\/niagara-falls\/","og_site_name":"English in Canada","article_modified_time":"2025-07-29T09:22:36+00:00","og_image":[{"width":1060,"height":707,"url":"https:\/\/english-in-canada.com\/wp-content\/uploads\/2023\/12\/website-31b-niagara.jpg","type":"image\/jpeg"}],"twitter_card":"summary_large_image","twitter_misc":{"Gesch\u00e4tzte Lesezeit":"4\u00a0Minuten"},"schema":{"@context":"https:\/\/schema.org","@graph":[{"@type":"WebPage","@id":"https:\/\/english-in-canada.com\/de\/niagara-falls\/","url":"https:\/\/english-in-canada.com\/de\/niagara-falls\/","name":"Niagara Falls | English in Canada","isPartOf":{"@id":"https:\/\/english-in-canada.com\/de\/#website"},"primaryImageOfPage":{"@id":"https:\/\/english-in-canada.com\/de\/niagara-falls\/#primaryimage"},"image":{"@id":"https:\/\/english-in-canada.com\/de\/niagara-falls\/#primaryimage"},"thumbnailUrl":"https:\/\/english-in-canada.com\/wp-content\/uploads\/2023\/12\/website-31b-niagara.jpg","datePublished":"2023-12-06T15:37:55+00:00","dateModified":"2025-07-29T09:22:36+00:00","breadcrumb":{"@id":"https:\/\/english-in-canada.com\/de\/niagara-falls\/#breadcrumb"},"inLanguage":"de","potentialAction":[{"@type":"ReadAction","target":["https:\/\/english-in-canada.com\/de\/niagara-falls\/"]}]},{"@type":"ImageObject","inLanguage":"de","@id":"https:\/\/english-in-canada.com\/de\/niagara-falls\/#primaryimage","url":"https:\/\/english-in-canada.com\/wp-content\/uploads\/2023\/12\/website-31b-niagara.jpg","contentUrl":"https:\/\/english-in-canada.com\/wp-content\/uploads\/2023\/12\/website-31b-niagara.jpg","width":1060,"height":707},{"@type":"BreadcrumbList","@id":"https:\/\/english-in-canada.com\/de\/niagara-falls\/#breadcrumb","itemListElement":[{"@type":"ListItem","position":1,"name":"Hjem","item":"https:\/\/english-in-canada.com\/de\/"},{"@type":"ListItem","position":2,"name":"Niagara Falls"}]},{"@type":"WebSite","@id":"https:\/\/english-in-canada.com\/de\/#website","url":"https:\/\/english-in-canada.com\/de\/","name":"English in Canada","description":"English in Canada tilbyder sprogrejser, sprogrejser p\u00e5 engelsk, sprogcamp og sprogskole i Canada","publisher":{"@id":"https:\/\/english-in-canada.com\/de\/#organization"},"potentialAction":[{"@type":"SearchAction","target":{"@type":"EntryPoint","urlTemplate":"https:\/\/english-in-canada.com\/de\/?s={search_term_string}"},"query-input":{"@type":"PropertyValueSpecification","valueRequired":true,"valueName":"search_term_string"}}],"inLanguage":"de"},{"@type":"Organization","@id":"https:\/\/english-in-canada.com\/de\/#organization","name":"English in Canada","url":"https:\/\/english-in-canada.com\/de\/","logo":{"@type":"ImageObject","inLanguage":"de","@id":"https:\/\/english-in-canada.com\/de\/#\/schema\/logo\/image\/","url":"https:\/\/english-in-canada.com\/wp-content\/uploads\/2023\/11\/englishincanada-logo.png","contentUrl":"https:\/\/english-in-canada.com\/wp-content\/uploads\/2023\/11\/englishincanada-logo.png","width":164,"height":164,"caption":"English in Canada"},"image":{"@id":"https:\/\/english-in-canada.com\/de\/#\/schema\/logo\/image\/"}}]}},"_links":{"self":[{"href":"https:\/\/english-in-canada.com\/de\/wp-json\/wp\/v2\/pages\/4993"}],"collection":[{"href":"https:\/\/english-in-canada.com\/de\/wp-json\/wp\/v2\/pages"}],"about":[{"href":"https:\/\/english-in-canada.com\/de\/wp-json\/wp\/v2\/types\/page"}],"author":[{"embeddable":true,"href":"https:\/\/english-in-canada.com\/de\/wp-json\/wp\/v2\/users\/1"}],"replies":[{"embeddable":true,"href":"https:\/\/english-in-canada.com\/de\/wp-json\/wp\/v2\/comments?post=4993"}],"version-history":[{"count":8,"href":"https:\/\/english-in-canada.com\/de\/wp-json\/wp\/v2\/pages\/4993\/revisions"}],"predecessor-version":[{"id":5104,"href":"https:\/\/english-in-canada.com\/de\/wp-json\/wp\/v2\/pages\/4993\/revisions\/5104"}],"wp:featuredmedia":[{"embeddable":true,"href":"https:\/\/english-in-canada.com\/de\/wp-json\/wp\/v2\/media\/4807"}],"wp:attachment":[{"href":"https:\/\/english-in-canada.com\/de\/wp-json\/wp\/v2\/media?parent=4993"}],"wp:term":[{"taxonomy":"category","embeddable":true,"href":"https:\/\/english-in-canada.com\/de\/wp-json\/wp\/v2\/categories?post=4993"}],"curies":[{"name":"wp","href":"https:\/\/api.w.org\/{rel}","templated":true}]}}