{"id":4996,"date":"2023-11-30T13:51:17","date_gmt":"2023-11-30T12:51:17","guid":{"rendered":"https:\/\/english-in-canada.com\/fritidsprogram\/"},"modified":"2024-08-13T15:03:26","modified_gmt":"2024-08-13T13:03:26","slug":"fritidsprogram","status":"publish","type":"page","link":"https:\/\/english-in-canada.com\/de\/fritidsprogram\/","title":{"rendered":"Freizeit"},"content":{"rendered":"<section class=\"wpb-content-wrapper\"><p>[vc_row full_width=&#8220;stretch_row&#8220;][vc_column]<div class=\"ult-spacer spacer-69e39e1f6bf18\" data-id=\"69e39e1f6bf18\" data-height=\"90\" data-height-mobile=\"60\" data-height-tab=\"90\" data-height-tab-portrait=\"60\" data-height-mobile-landscape=\"60\" style=\"clear:both;display:block;\"><\/div>[vc_column_text]<\/p>\n<h2>Freizeit<\/h2>\n<p>[\/vc_column_text][vc_empty_space height=&#8220;30px&#8220;][vc_separator color=&#8220;custom&#8220; border_width=&#8220;2&#8243; accent_color=&#8220;#f7f7f7&#8243;][vc_empty_space height=&#8220;30px&#8220;][vc_row_inner][vc_column_inner offset=&#8220;vc_col-lg-8 vc_col-md-8 vc_col-xs-12&#8243;][vc_column_text]Bei Destination Canada hast du nachmittags und abends eine gro\u00dfe Auswahl an Aktivit\u00e4ten. Diese Aktivit\u00e4ten werden von Freizeitlehrern (activity staff) durchgef\u00fchrt. Alle activity staff sind Kanadier.<\/p>\n<p>Nachmittags werden z.B. Tennis, Volleyball, Basketball, Fu\u00dfball, American Football, Ultimate Frisbee, Schwimmen, Yoga und Fitness angeboten. Dar\u00fcber hinaus arts &amp; craft (Kunst &amp; Handwerk) und Brettspiele, manchmal auch Musik oder Drama.<\/p>\n<p>Abends gehen die Teilnehmer\/Innen z.B. ins Kino, zum Bowlen oder ins Jump House oder sie spielen Minigolf oder Beachvolley, gehen Shoppen oder zum Strand, oder fahren Kanu oder Fahrrad.[\/vc_column_text][vc_empty_space height=&#8220;30px&#8220;][vc_media_grid style=&#8220;pagination&#8220; items_per_page=&#8220;2&#8243; element_width=&#8220;6&#8243; gap=&#8220;15&#8243; arrows_design=&#8220;vc_arrow-icon-arrow_01_left&#8220; arrows_color=&#8220;juicy_pink&#8220; paging_design=&#8220;none&#8220; loop=&#8220;yes&#8220; grid_id=&#8220;vc_gid:1706604186052-427cabf5-b685-4&#8243; include=&#8220;4746,4749,4752,4758,4761,4764,4767,4770,4773,4776,4782&#8243;][vc_empty_space height=&#8220;30px&#8220;][vc_column_text]Jeden Sommer besucht der ganze Camp Calypso Water Park, Kanadas gr\u00f6\u00dften Wasserpark.[\/vc_column_text][vc_empty_space height=&#8220;30px&#8220;][vc_media_grid style=&#8220;pagination&#8220; items_per_page=&#8220;2&#8243; element_width=&#8220;6&#8243; gap=&#8220;15&#8243; arrows_design=&#8220;vc_arrow-icon-arrow_01_left&#8220; arrows_color=&#8220;juicy_pink&#8220; paging_design=&#8220;none&#8220; loop=&#8220;yes&#8220; grid_id=&#8220;vc_gid:1706604186062-2a3d1cc3-ab49-9&#8243; include=&#8220;4788,4791&#8243;][vc_empty_space height=&#8220;30px&#8220;][vc_column_text]W\u00e4hrend des Sommers finden die Olympischen Spiele mit vielen lustigen und alternativen Aktivit\u00e4ten statt.[\/vc_column_text][vc_empty_space height=&#8220;30px&#8220;][vc_media_grid style=&#8220;pagination&#8220; items_per_page=&#8220;2&#8243; element_width=&#8220;6&#8243; gap=&#8220;15&#8243; arrows_design=&#8220;vc_arrow-icon-arrow_01_left&#8220; arrows_color=&#8220;juicy_pink&#8220; paging_design=&#8220;none&#8220; loop=&#8220;yes&#8220; grid_id=&#8220;vc_gid:1706604186064-a8fb56c0-1730-7&#8243; include=&#8220;4794,4797,4785&#8243;]<div class=\"ult-spacer spacer-69e39e1f6bf64\" data-id=\"69e39e1f6bf64\" data-height=\"0\" data-height-mobile=\"30\" data-height-tab=\"0\" data-height-tab-portrait=\"30\" data-height-mobile-landscape=\"30\" style=\"clear:both;display:block;\"><\/div>[\/vc_column_inner][vc_column_inner el_class=&#8220;custsidebartext&#8220; offset=&#8220;vc_col-lg-4 vc_col-md-4 vc_col-xs-12&#8243;][vc_column_text]<\/p>\n<h3 style=\"text-align: center;\"><span lang=\"de\">\u00dcber English in Canada<\/span><\/h3>\n<p style=\"text-align: center;\"><span lang=\"de\">Verbinde einen spa\u00dfigen und ergebnisreichen Englischunterricht mit einem spannenden Urlaub in Kanada. Lerne schnell Freunde aus aller Welt kennen. Du hast 25 Stunden spannenden und abwechslungsreichen Englischunterricht pro Woche. Am Nachmittag und Abend machst du Sport oder nimmst an vielen kulturellen Aktivit\u00e4ten und Erlebnissen teil. Alles auf Englisch. Ein besonderes Team ist f\u00fcr die Freizeitaktivit\u00e4ten verantwortlich. Alles Kanadier.<\/span><\/p>\n<p style=\"text-align: center;\"><span lang=\"de\">Besuche Montreal, Ottawa, Toronto, die Niagaraf\u00e4lle, Parc Omega und viele andere Orte. Unterbringung, Mahlzeiten und moderne Sportanlagen auf dem Uni-Campus sind im Preis inklusive. Besondere Aufmerksamkeit und F\u00fcrsorge f\u00fcr die j\u00fcngsten Kinder.<\/span><\/p>\n<p>[\/vc_column_text][\/vc_column_inner][\/vc_row_inner]<div class=\"ult-spacer spacer-69e39e1f6bf8e\" data-id=\"69e39e1f6bf8e\" data-height=\"60\" data-height-mobile=\"30\" data-height-tab=\"60\" data-height-tab-portrait=\"30\" data-height-mobile-landscape=\"30\" style=\"clear:both;display:block;\"><\/div><div class=\"ult-spacer spacer-69e39e1f6bfb1\" data-id=\"69e39e1f6bfb1\" data-height=\"90\" data-height-mobile=\"60\" data-height-tab=\"90\" data-height-tab-portrait=\"60\" data-height-mobile-landscape=\"60\" style=\"clear:both;display:block;\"><\/div>[\/vc_column][\/vc_row][vc_row full_width=&#8220;stretch_row&#8220; el_class=&#8220;overlay parallax overflow-row&#8220; css=&#8220;.vc_custom_1701346331801{background-image: url(https:\/\/english-in-canada.wk229.dk\/wp-content\/uploads\/2023\/11\/istock-525508231-min.jpg?id=4633) !important;background-position: center !important;background-repeat: no-repeat !important;background-size: cover !important;}&#8220;][vc_column]<div class=\"ult-spacer spacer-69e39e1f6bfd2\" data-id=\"69e39e1f6bfd2\" data-height=\"90\" data-height-mobile=\"60\" data-height-tab=\"90\" data-height-tab-portrait=\"60\" data-height-mobile-landscape=\"60\" style=\"clear:both;display:block;\"><\/div>[vc_row_inner css=&#8220;.vc_custom_1682518429141{margin-right: 0px !important;margin-left: 0px !important;}&#8220;][vc_column_inner el_class=&#8220;overflow-box-footer&#8220;][vc_empty_space height=&#8220;60px&#8220;][vc_column_text]<\/p>\n<h3 align=\"center\"><span lang=\"de\">English in Canada kontaktieren<\/span><\/h3>\n<h4 align=\"center\"><span lang=\"de\">Haben Sie Fragen oder m\u00f6chten Sie mehr Informationen? Gerne k\u00f6nnen Sie uns unverbindlich anrufen oder anschreiben<\/span><\/h4>\n<p>[\/vc_column_text][vc_empty_space height=&#8220;15px&#8220;][vc_btn title=&#8220;Nehmen Sie noch heute Kontakt mit uns auf&#8220; style=&#8220;custom&#8220; custom_background=&#8220;#fc5623&#8243; custom_text=&#8220;#ffffff&#8220; shape=&#8220;square&#8220; align=&#8220;center&#8220; link=&#8220;url:%2Fkontakt%2F|title:Kontakt&#8220;][vc_empty_space height=&#8220;60px&#8220;][\/vc_column_inner][\/vc_row_inner][\/vc_column][\/vc_row]<\/p>\n<\/section>","protected":false},"excerpt":{"rendered":"<p>Bei Destination Canada hast du nachmittags und abends eine gro\u00dfe Auswahl an Aktivit\u00e4ten. Diese Aktivit\u00e4ten werden von Freizeitlehrern (activity staff) durchgef\u00fchrt. Alle activity staff sind Kanadier.<\/p>\n","protected":false},"author":1,"featured_media":4906,"parent":0,"menu_order":3,"comment_status":"closed","ping_status":"closed","template":"","meta":{"_acf_changed":false,"footnotes":""},"categories":[48],"acf":[],"yoast_head":"<!-- This site is optimized with the Yoast SEO plugin v24.5 - https:\/\/yoast.com\/wordpress\/plugins\/seo\/ -->\n<title>Freizeit | English in Canada<\/title>\n<meta name=\"robots\" content=\"index, follow, max-snippet:-1, max-image-preview:large, max-video-preview:-1\" \/>\n<link rel=\"canonical\" href=\"https:\/\/english-in-canada.com\/de\/fritidsprogram\/\" \/>\n<meta property=\"og:locale\" content=\"de_DE\" \/>\n<meta property=\"og:type\" content=\"article\" \/>\n<meta property=\"og:title\" content=\"Freizeit | English in Canada\" \/>\n<meta property=\"og:description\" content=\"Bei Destination Canada hast du nachmittags und abends eine gro\u00dfe Auswahl an Aktivit\u00e4ten. Diese Aktivit\u00e4ten werden von Freizeitlehrern (activity staff) durchgef\u00fchrt. Alle activity staff sind Kanadier.\" \/>\n<meta property=\"og:url\" content=\"https:\/\/english-in-canada.com\/de\/fritidsprogram\/\" \/>\n<meta property=\"og:site_name\" content=\"English in Canada\" \/>\n<meta property=\"article:modified_time\" content=\"2024-08-13T13:03:26+00:00\" \/>\n<meta property=\"og:image\" content=\"https:\/\/english-in-canada.com\/wp-content\/uploads\/2023\/12\/website-11-basket-1-e1703154125129.jpg\" \/>\n\t<meta property=\"og:image:width\" content=\"960\" \/>\n\t<meta property=\"og:image:height\" content=\"720\" \/>\n\t<meta property=\"og:image:type\" content=\"image\/jpeg\" \/>\n<meta name=\"twitter:card\" content=\"summary_large_image\" \/>\n<meta name=\"twitter:label1\" content=\"Gesch\u00e4tzte Lesezeit\" \/>\n\t<meta name=\"twitter:data1\" content=\"3\u00a0Minuten\" \/>\n<script type=\"application\/ld+json\" class=\"yoast-schema-graph\">{\"@context\":\"https:\/\/schema.org\",\"@graph\":[{\"@type\":\"WebPage\",\"@id\":\"https:\/\/english-in-canada.com\/de\/fritidsprogram\/\",\"url\":\"https:\/\/english-in-canada.com\/de\/fritidsprogram\/\",\"name\":\"Freizeit | English in Canada\",\"isPartOf\":{\"@id\":\"https:\/\/english-in-canada.com\/de\/#website\"},\"primaryImageOfPage\":{\"@id\":\"https:\/\/english-in-canada.com\/de\/fritidsprogram\/#primaryimage\"},\"image\":{\"@id\":\"https:\/\/english-in-canada.com\/de\/fritidsprogram\/#primaryimage\"},\"thumbnailUrl\":\"https:\/\/english-in-canada.com\/wp-content\/uploads\/2023\/12\/website-11-basket-1-e1703154125129.jpg\",\"datePublished\":\"2023-11-30T12:51:17+00:00\",\"dateModified\":\"2024-08-13T13:03:26+00:00\",\"breadcrumb\":{\"@id\":\"https:\/\/english-in-canada.com\/de\/fritidsprogram\/#breadcrumb\"},\"inLanguage\":\"de\",\"potentialAction\":[{\"@type\":\"ReadAction\",\"target\":[\"https:\/\/english-in-canada.com\/de\/fritidsprogram\/\"]}]},{\"@type\":\"ImageObject\",\"inLanguage\":\"de\",\"@id\":\"https:\/\/english-in-canada.com\/de\/fritidsprogram\/#primaryimage\",\"url\":\"https:\/\/english-in-canada.com\/wp-content\/uploads\/2023\/12\/website-11-basket-1-e1703154125129.jpg\",\"contentUrl\":\"https:\/\/english-in-canada.com\/wp-content\/uploads\/2023\/12\/website-11-basket-1-e1703154125129.jpg\",\"width\":960,\"height\":720},{\"@type\":\"BreadcrumbList\",\"@id\":\"https:\/\/english-in-canada.com\/de\/fritidsprogram\/#breadcrumb\",\"itemListElement\":[{\"@type\":\"ListItem\",\"position\":1,\"name\":\"Hjem\",\"item\":\"https:\/\/english-in-canada.com\/de\/\"},{\"@type\":\"ListItem\",\"position\":2,\"name\":\"Freizeit\"}]},{\"@type\":\"WebSite\",\"@id\":\"https:\/\/english-in-canada.com\/de\/#website\",\"url\":\"https:\/\/english-in-canada.com\/de\/\",\"name\":\"English in Canada\",\"description\":\"English in Canada tilbyder sprogrejser, sprogrejser p\u00e5 engelsk, sprogcamp og sprogskole i Canada\",\"publisher\":{\"@id\":\"https:\/\/english-in-canada.com\/de\/#organization\"},\"potentialAction\":[{\"@type\":\"SearchAction\",\"target\":{\"@type\":\"EntryPoint\",\"urlTemplate\":\"https:\/\/english-in-canada.com\/de\/?s={search_term_string}\"},\"query-input\":{\"@type\":\"PropertyValueSpecification\",\"valueRequired\":true,\"valueName\":\"search_term_string\"}}],\"inLanguage\":\"de\"},{\"@type\":\"Organization\",\"@id\":\"https:\/\/english-in-canada.com\/de\/#organization\",\"name\":\"English in Canada\",\"url\":\"https:\/\/english-in-canada.com\/de\/\",\"logo\":{\"@type\":\"ImageObject\",\"inLanguage\":\"de\",\"@id\":\"https:\/\/english-in-canada.com\/de\/#\/schema\/logo\/image\/\",\"url\":\"https:\/\/english-in-canada.com\/wp-content\/uploads\/2023\/11\/englishincanada-logo.png\",\"contentUrl\":\"https:\/\/english-in-canada.com\/wp-content\/uploads\/2023\/11\/englishincanada-logo.png\",\"width\":164,\"height\":164,\"caption\":\"English in Canada\"},\"image\":{\"@id\":\"https:\/\/english-in-canada.com\/de\/#\/schema\/logo\/image\/\"}}]}<\/script>\n<!-- \/ Yoast SEO plugin. -->","yoast_head_json":{"title":"Freizeit | English in Canada","robots":{"index":"index","follow":"follow","max-snippet":"max-snippet:-1","max-image-preview":"max-image-preview:large","max-video-preview":"max-video-preview:-1"},"canonical":"https:\/\/english-in-canada.com\/de\/fritidsprogram\/","og_locale":"de_DE","og_type":"article","og_title":"Freizeit | English in Canada","og_description":"Bei Destination Canada hast du nachmittags und abends eine gro\u00dfe Auswahl an Aktivit\u00e4ten. Diese Aktivit\u00e4ten werden von Freizeitlehrern (activity staff) durchgef\u00fchrt. Alle activity staff sind Kanadier.","og_url":"https:\/\/english-in-canada.com\/de\/fritidsprogram\/","og_site_name":"English in Canada","article_modified_time":"2024-08-13T13:03:26+00:00","og_image":[{"width":960,"height":720,"url":"https:\/\/english-in-canada.com\/wp-content\/uploads\/2023\/12\/website-11-basket-1-e1703154125129.jpg","type":"image\/jpeg"}],"twitter_card":"summary_large_image","twitter_misc":{"Gesch\u00e4tzte Lesezeit":"3\u00a0Minuten"},"schema":{"@context":"https:\/\/schema.org","@graph":[{"@type":"WebPage","@id":"https:\/\/english-in-canada.com\/de\/fritidsprogram\/","url":"https:\/\/english-in-canada.com\/de\/fritidsprogram\/","name":"Freizeit | English in Canada","isPartOf":{"@id":"https:\/\/english-in-canada.com\/de\/#website"},"primaryImageOfPage":{"@id":"https:\/\/english-in-canada.com\/de\/fritidsprogram\/#primaryimage"},"image":{"@id":"https:\/\/english-in-canada.com\/de\/fritidsprogram\/#primaryimage"},"thumbnailUrl":"https:\/\/english-in-canada.com\/wp-content\/uploads\/2023\/12\/website-11-basket-1-e1703154125129.jpg","datePublished":"2023-11-30T12:51:17+00:00","dateModified":"2024-08-13T13:03:26+00:00","breadcrumb":{"@id":"https:\/\/english-in-canada.com\/de\/fritidsprogram\/#breadcrumb"},"inLanguage":"de","potentialAction":[{"@type":"ReadAction","target":["https:\/\/english-in-canada.com\/de\/fritidsprogram\/"]}]},{"@type":"ImageObject","inLanguage":"de","@id":"https:\/\/english-in-canada.com\/de\/fritidsprogram\/#primaryimage","url":"https:\/\/english-in-canada.com\/wp-content\/uploads\/2023\/12\/website-11-basket-1-e1703154125129.jpg","contentUrl":"https:\/\/english-in-canada.com\/wp-content\/uploads\/2023\/12\/website-11-basket-1-e1703154125129.jpg","width":960,"height":720},{"@type":"BreadcrumbList","@id":"https:\/\/english-in-canada.com\/de\/fritidsprogram\/#breadcrumb","itemListElement":[{"@type":"ListItem","position":1,"name":"Hjem","item":"https:\/\/english-in-canada.com\/de\/"},{"@type":"ListItem","position":2,"name":"Freizeit"}]},{"@type":"WebSite","@id":"https:\/\/english-in-canada.com\/de\/#website","url":"https:\/\/english-in-canada.com\/de\/","name":"English in Canada","description":"English in Canada tilbyder sprogrejser, sprogrejser p\u00e5 engelsk, sprogcamp og sprogskole i Canada","publisher":{"@id":"https:\/\/english-in-canada.com\/de\/#organization"},"potentialAction":[{"@type":"SearchAction","target":{"@type":"EntryPoint","urlTemplate":"https:\/\/english-in-canada.com\/de\/?s={search_term_string}"},"query-input":{"@type":"PropertyValueSpecification","valueRequired":true,"valueName":"search_term_string"}}],"inLanguage":"de"},{"@type":"Organization","@id":"https:\/\/english-in-canada.com\/de\/#organization","name":"English in Canada","url":"https:\/\/english-in-canada.com\/de\/","logo":{"@type":"ImageObject","inLanguage":"de","@id":"https:\/\/english-in-canada.com\/de\/#\/schema\/logo\/image\/","url":"https:\/\/english-in-canada.com\/wp-content\/uploads\/2023\/11\/englishincanada-logo.png","contentUrl":"https:\/\/english-in-canada.com\/wp-content\/uploads\/2023\/11\/englishincanada-logo.png","width":164,"height":164,"caption":"English in Canada"},"image":{"@id":"https:\/\/english-in-canada.com\/de\/#\/schema\/logo\/image\/"}}]}},"_links":{"self":[{"href":"https:\/\/english-in-canada.com\/de\/wp-json\/wp\/v2\/pages\/4996"}],"collection":[{"href":"https:\/\/english-in-canada.com\/de\/wp-json\/wp\/v2\/pages"}],"about":[{"href":"https:\/\/english-in-canada.com\/de\/wp-json\/wp\/v2\/types\/page"}],"author":[{"embeddable":true,"href":"https:\/\/english-in-canada.com\/de\/wp-json\/wp\/v2\/users\/1"}],"replies":[{"embeddable":true,"href":"https:\/\/english-in-canada.com\/de\/wp-json\/wp\/v2\/comments?post=4996"}],"version-history":[{"count":6,"href":"https:\/\/english-in-canada.com\/de\/wp-json\/wp\/v2\/pages\/4996\/revisions"}],"predecessor-version":[{"id":5082,"href":"https:\/\/english-in-canada.com\/de\/wp-json\/wp\/v2\/pages\/4996\/revisions\/5082"}],"wp:featuredmedia":[{"embeddable":true,"href":"https:\/\/english-in-canada.com\/de\/wp-json\/wp\/v2\/media\/4906"}],"wp:attachment":[{"href":"https:\/\/english-in-canada.com\/de\/wp-json\/wp\/v2\/media?parent=4996"}],"wp:term":[{"taxonomy":"category","embeddable":true,"href":"https:\/\/english-in-canada.com\/de\/wp-json\/wp\/v2\/categories?post=4996"}],"curies":[{"name":"wp","href":"https:\/\/api.w.org\/{rel}","templated":true}]}}