{"id":5008,"date":"2020-02-12T13:11:38","date_gmt":"2020-02-12T12:11:38","guid":{"rendered":"https:\/\/english-in-canada.com\/kontakt\/"},"modified":"2024-01-22T08:40:42","modified_gmt":"2024-01-22T07:40:42","slug":"kontakt","status":"publish","type":"page","link":"https:\/\/english-in-canada.com\/de\/kontakt\/","title":{"rendered":"Kontakt"},"content":{"rendered":"<section class=\"wpb-content-wrapper\"><p>[vc_row full_width=&#8220;stretch_row&#8220;][vc_column]<div class=\"ult-spacer spacer-69e38bc0766be\" data-id=\"69e38bc0766be\" data-height=\"90\" data-height-mobile=\"60\" data-height-tab=\"90\" data-height-tab-portrait=\"60\" data-height-mobile-landscape=\"60\" style=\"clear:both;display:block;\"><\/div>[vc_row_inner][vc_column_inner offset=&#8220;vc_col-lg-6 vc_col-md-6 vc_col-xs-12&#8243;][vc_column_text css=&#8220;.vc_custom_1702373983956{padding-top: 30px !important;padding-right: 30px !important;padding-bottom: 30px !important;padding-left: 30px !important;background-color: #f7f7f7 !important;}&#8220;]<\/p>\n<h2>Kontakt os i dag for flere oplysninger eller datoer for informationsm\u00f8der<\/h2>\n<p><strong>English in Canada<\/strong><br \/>\nLisbeth Graverholt<br \/>\nHj\u00f8rring Gymnasium<br \/>\nprivat Vitsk\u00f8lklostervej 29<br \/>\n9800 Hj\u00f8rring<br \/>\n<a href=\"tel:20410785\">(+45) 20 41 07 85<\/a><br \/>\n<a href=\"mailto:lisbeth.graverholt@gmail.com\">lisbeth.graverholt@gmail.com<\/a><br \/>\nCVR nr.: 43926209[\/vc_column_text]<div class=\"ult-spacer spacer-69e38bc076703\" data-id=\"69e38bc076703\" data-height=\"0\" data-height-mobile=\"30\" data-height-tab=\"0\" data-height-tab-portrait=\"30\" data-height-mobile-landscape=\"30\" style=\"clear:both;display:block;\"><\/div>[\/vc_column_inner][vc_column_inner offset=&#8220;vc_col-lg-6 vc_col-md-6 vc_col-xs-12&#8243;][vc_column_text]<\/p>\n<h3>Skriv til os<\/h3>\n<p>[\/vc_column_text][vc_empty_space height=&#8220;15px&#8220;][vc_raw_html]JTVCZm9ybWluYXRvcl9mb3JtJTIwaWQlM0QlMjI2NiUyMiU1RA==[\/vc_raw_html][\/vc_column_inner][\/vc_row_inner]<div class=\"ult-spacer spacer-69e38bc076727\" data-id=\"69e38bc076727\" data-height=\"90\" data-height-mobile=\"60\" data-height-tab=\"90\" data-height-tab-portrait=\"60\" data-height-mobile-landscape=\"60\" style=\"clear:both;display:block;\"><\/div>[\/vc_column][\/vc_row][vc_row full_width=&#8220;stretch_row&#8220; el_class=&#8220;light&#8220;][vc_column]<div class=\"ult-spacer spacer-69e38bc076746\" data-id=\"69e38bc076746\" data-height=\"90\" data-height-mobile=\"60\" data-height-tab=\"90\" data-height-tab-portrait=\"60\" data-height-mobile-landscape=\"60\" style=\"clear:both;display:block;\"><\/div>[vc_row_inner][vc_column_inner offset=&#8220;vc_col-lg-6 vc_col-md-6 vc_col-xs-12&#8243;][vc_column_text css=&#8220;.vc_custom_1702374011625{padding-top: 30px !important;padding-right: 30px !important;padding-bottom: 30px !important;padding-left: 30px !important;background-color: #f7f7f7 !important;}&#8220;]English in Canada er opst\u00e5et som et internationalt l\u00e6rerinitiativ. I dag er det Lisbeth Graverholt, der st\u00e5r bag English in Canada. Lisbeth har v\u00e6ret sprogl\u00e6rer p\u00e5 Hj\u00f8rring Gymnasium i mange \u00e5r. I mere end 15 \u00e5r stod hun i spidsen for den \u00e5rlige elevudveksling mellem Hj\u00f8rring Gymnasium og deres venskabsskole i Tyskland. Lisbeth Graverholt har desuden v\u00e6ret international koordinator p\u00e5 Hj\u00f8rring Gymnasium. For mere end 10 \u00e5r siden startede Hj\u00f8rring Gymnasium med Lisbeth Graverholt og en lille gruppe sprogl\u00e6rere i spidsen Danmarks eneste Sprogcamp for gymnasieelever fra hele Danmark: <a href=\"https:\/\/hj-gym.dk\/da\/socialt-liv\/talent\/sprogcamp\" target=\"_blank\" rel=\"noopener\">Hj\u00f8rring Gymnasium : Sprogcamp (hj-gym.dk)<\/a>.<\/p>\n<p>Det er nu mere end 20 \u00e5r siden, Lisbeth sendte de f\u00f8rste unge mennesker af sted p\u00e5 Destination Canada. N\u00e5r for\u00e6ldre sender deres b\u00f8rn p\u00e5 en sprogrejse i et andet land, er det vigtigt at kende de mennesker, der st\u00e5r bag projektet. Lisbeth giver individuel og personlig vejledning, s\u00e5 den enkelte familie f\u00f8ler sig tryg. Lisbeth m\u00f8der som regel de unge og deres for\u00e6ldre et par gange inden afrejsen[\/vc_column_text]<div class=\"ult-spacer spacer-69e38bc076764\" data-id=\"69e38bc076764\" data-height=\"0\" data-height-mobile=\"15\" data-height-tab=\"0\" data-height-tab-portrait=\"15\" data-height-mobile-landscape=\"15\" style=\"clear:both;display:block;\"><\/div>[\/vc_column_inner][vc_column_inner offset=&#8220;vc_col-lg-6 vc_col-md-6 vc_col-xs-12&#8243;][vc_column_text css=&#8220;.vc_custom_1702374016585{padding-top: 30px !important;padding-right: 30px !important;padding-bottom: 30px !important;padding-left: 30px !important;background-color: #f7f7f7 !important;}&#8220;]F\u00f8rste m\u00f8de er oftest et informationsm\u00f8de, der er \u00e5bent for alle, men det kan ogs\u00e5 v\u00e6re et m\u00f8de, hvor den p\u00e5g\u00e6ldende familie m\u00f8des med Lisbeth alene. I forsommeren m\u00f8des deltagerne og deres familier igen med Lisbeth. Her gennemg\u00e5s alle rejseforberedelser og deltagerne f\u00e5r hilst p\u00e5 hinanden, inden turen g\u00e5r til Canada.<\/p>\n<p>Det er efterh\u00e5nden blevet en tradition, at Lisbeth ledsager de b\u00f8rn og unge, der deltager i sprogrejsen, p\u00e5 rejsen til Canada. Hun er til stede p\u00e5 campus en del af sommeren og er kontaktperson b\u00e5de for de unge og deres for\u00e6ldre.<\/p>\n<p>Udover Lisbeth er der hver sommer andre voksne med som ledsagere. De er alle unge, der kender Destination Canada allerede. Alle har erfaring med at arbejde med b\u00f8rn og unge mennesker. Teamet er til stede p\u00e5 campus og er sammen med de unge 24\/7.[\/vc_column_text][\/vc_column_inner][\/vc_row_inner]<div class=\"ult-spacer spacer-69e38bc076780\" data-id=\"69e38bc076780\" data-height=\"90\" data-height-mobile=\"60\" data-height-tab=\"90\" data-height-tab-portrait=\"60\" data-height-mobile-landscape=\"60\" style=\"clear:both;display:block;\"><\/div>[\/vc_column][\/vc_row][vc_row full_width=&#8220;stretch_row_content_no_spaces&#8220;][vc_column][vc_gmaps link=&#8220;#E-8_JTNDaWZyYW1lJTIwc3JjJTNEJTIyaHR0cHMlM0ElMkYlMkZ3d3cuZ29vZ2xlLmNvbSUyRm1hcHMlMkZlbWJlZCUzRnBiJTNEJTIxMW0xOCUyMTFtMTIlMjExbTMlMjExZDY4NjQ4LjY2OTI5MjE5NDI3JTIxMmQ5LjkwNDA5NjU1NjcwNjQ0OSUyMTNkNTcuNDczNzIxNzU4MDM2ODElMjEybTMlMjExZjAlMjEyZjAlMjEzZjAlMjEzbTIlMjExaTEwMjQlMjEyaTc2OCUyMTRmMTMuMSUyMTNtMyUyMTFtMiUyMTFzMHg0NjQ4Y2U2MDU4NmIzNTZiJTI1M0EweDY0ODg4NmRjNmE1YTc1NDUlMjEyc1ZpdHNrJTI1QzMlMjVCOGxrbG9zdGVydmVqJTI1MjAyOSUyNTJDJTI1MjA5ODAwJTI1MjBIaiUyNUMzJTI1QjhycmluZyUyMTVlMCUyMTNtMiUyMTFzZGElMjEyc2RrJTIxNHYxNzAxMzQ1Nzg3NTgyJTIxNW0yJTIxMXNkYSUyMTJzZGslMjIlMjB3aWR0aCUzRCUyMjYwMCUyMiUyMGhlaWdodCUzRCUyMjQ1MCUyMiUyMHN0eWxlJTNEJTIyYm9yZGVyJTNBMCUzQiUyMiUyMGFsbG93ZnVsbHNjcmVlbiUzRCUyMiUyMiUyMGxvYWRpbmclM0QlMjJsYXp5JTIyJTIwcmVmZXJyZXJwb2xpY3klM0QlMjJuby1yZWZlcnJlci13aGVuLWRvd25ncmFkZSUyMiUzRSUzQyUyRmlmcmFtZSUzRQ==&#8220; size=&#8220;350px&#8220; el_class=&#8220;grayscale&#8220;][\/vc_column][\/vc_row]<\/p>\n<\/section>","protected":false},"excerpt":{"rendered":"<p>Har du sp\u00f8rgsm\u00e5l eller kommentarer?<\/p>\n","protected":false},"author":1,"featured_media":0,"parent":0,"menu_order":0,"comment_status":"closed","ping_status":"closed","template":"","meta":{"_acf_changed":false,"footnotes":""},"categories":[],"acf":[],"yoast_head":"<!-- This site is optimized with the Yoast SEO plugin v24.5 - https:\/\/yoast.com\/wordpress\/plugins\/seo\/ -->\n<title>Kontakt | English in Canada<\/title>\n<meta name=\"robots\" content=\"index, follow, max-snippet:-1, max-image-preview:large, max-video-preview:-1\" \/>\n<link rel=\"canonical\" href=\"https:\/\/english-in-canada.com\/de\/kontakt\/\" \/>\n<meta property=\"og:locale\" content=\"de_DE\" \/>\n<meta property=\"og:type\" content=\"article\" \/>\n<meta property=\"og:title\" content=\"Kontakt | English in Canada\" \/>\n<meta property=\"og:description\" content=\"Har du sp\u00f8rgsm\u00e5l eller kommentarer?\" \/>\n<meta property=\"og:url\" content=\"https:\/\/english-in-canada.com\/de\/kontakt\/\" \/>\n<meta property=\"og:site_name\" content=\"English in Canada\" \/>\n<meta property=\"article:modified_time\" content=\"2024-01-22T07:40:42+00:00\" \/>\n<meta name=\"twitter:card\" content=\"summary_large_image\" \/>\n<meta name=\"twitter:label1\" content=\"Gesch\u00e4tzte Lesezeit\" \/>\n\t<meta name=\"twitter:data1\" content=\"1\u00a0Minute\" \/>\n<script type=\"application\/ld+json\" class=\"yoast-schema-graph\">{\"@context\":\"https:\/\/schema.org\",\"@graph\":[{\"@type\":\"WebPage\",\"@id\":\"https:\/\/english-in-canada.com\/de\/kontakt\/\",\"url\":\"https:\/\/english-in-canada.com\/de\/kontakt\/\",\"name\":\"Kontakt | English in Canada\",\"isPartOf\":{\"@id\":\"https:\/\/english-in-canada.com\/de\/#website\"},\"datePublished\":\"2020-02-12T12:11:38+00:00\",\"dateModified\":\"2024-01-22T07:40:42+00:00\",\"breadcrumb\":{\"@id\":\"https:\/\/english-in-canada.com\/de\/kontakt\/#breadcrumb\"},\"inLanguage\":\"de\",\"potentialAction\":[{\"@type\":\"ReadAction\",\"target\":[\"https:\/\/english-in-canada.com\/de\/kontakt\/\"]}]},{\"@type\":\"BreadcrumbList\",\"@id\":\"https:\/\/english-in-canada.com\/de\/kontakt\/#breadcrumb\",\"itemListElement\":[{\"@type\":\"ListItem\",\"position\":1,\"name\":\"Hjem\",\"item\":\"https:\/\/english-in-canada.com\/de\/\"},{\"@type\":\"ListItem\",\"position\":2,\"name\":\"Kontakt\"}]},{\"@type\":\"WebSite\",\"@id\":\"https:\/\/english-in-canada.com\/de\/#website\",\"url\":\"https:\/\/english-in-canada.com\/de\/\",\"name\":\"English in Canada\",\"description\":\"English in Canada tilbyder sprogrejser, sprogrejser p\u00e5 engelsk, sprogcamp og sprogskole i Canada\",\"publisher\":{\"@id\":\"https:\/\/english-in-canada.com\/de\/#organization\"},\"potentialAction\":[{\"@type\":\"SearchAction\",\"target\":{\"@type\":\"EntryPoint\",\"urlTemplate\":\"https:\/\/english-in-canada.com\/de\/?s={search_term_string}\"},\"query-input\":{\"@type\":\"PropertyValueSpecification\",\"valueRequired\":true,\"valueName\":\"search_term_string\"}}],\"inLanguage\":\"de\"},{\"@type\":\"Organization\",\"@id\":\"https:\/\/english-in-canada.com\/de\/#organization\",\"name\":\"English in Canada\",\"url\":\"https:\/\/english-in-canada.com\/de\/\",\"logo\":{\"@type\":\"ImageObject\",\"inLanguage\":\"de\",\"@id\":\"https:\/\/english-in-canada.com\/de\/#\/schema\/logo\/image\/\",\"url\":\"https:\/\/english-in-canada.com\/wp-content\/uploads\/2023\/11\/englishincanada-logo.png\",\"contentUrl\":\"https:\/\/english-in-canada.com\/wp-content\/uploads\/2023\/11\/englishincanada-logo.png\",\"width\":164,\"height\":164,\"caption\":\"English in Canada\"},\"image\":{\"@id\":\"https:\/\/english-in-canada.com\/de\/#\/schema\/logo\/image\/\"}}]}<\/script>\n<!-- \/ Yoast SEO plugin. -->","yoast_head_json":{"title":"Kontakt | English in Canada","robots":{"index":"index","follow":"follow","max-snippet":"max-snippet:-1","max-image-preview":"max-image-preview:large","max-video-preview":"max-video-preview:-1"},"canonical":"https:\/\/english-in-canada.com\/de\/kontakt\/","og_locale":"de_DE","og_type":"article","og_title":"Kontakt | English in Canada","og_description":"Har du sp\u00f8rgsm\u00e5l eller kommentarer?","og_url":"https:\/\/english-in-canada.com\/de\/kontakt\/","og_site_name":"English in Canada","article_modified_time":"2024-01-22T07:40:42+00:00","twitter_card":"summary_large_image","twitter_misc":{"Gesch\u00e4tzte Lesezeit":"1\u00a0Minute"},"schema":{"@context":"https:\/\/schema.org","@graph":[{"@type":"WebPage","@id":"https:\/\/english-in-canada.com\/de\/kontakt\/","url":"https:\/\/english-in-canada.com\/de\/kontakt\/","name":"Kontakt | English in Canada","isPartOf":{"@id":"https:\/\/english-in-canada.com\/de\/#website"},"datePublished":"2020-02-12T12:11:38+00:00","dateModified":"2024-01-22T07:40:42+00:00","breadcrumb":{"@id":"https:\/\/english-in-canada.com\/de\/kontakt\/#breadcrumb"},"inLanguage":"de","potentialAction":[{"@type":"ReadAction","target":["https:\/\/english-in-canada.com\/de\/kontakt\/"]}]},{"@type":"BreadcrumbList","@id":"https:\/\/english-in-canada.com\/de\/kontakt\/#breadcrumb","itemListElement":[{"@type":"ListItem","position":1,"name":"Hjem","item":"https:\/\/english-in-canada.com\/de\/"},{"@type":"ListItem","position":2,"name":"Kontakt"}]},{"@type":"WebSite","@id":"https:\/\/english-in-canada.com\/de\/#website","url":"https:\/\/english-in-canada.com\/de\/","name":"English in Canada","description":"English in Canada tilbyder sprogrejser, sprogrejser p\u00e5 engelsk, sprogcamp og sprogskole i Canada","publisher":{"@id":"https:\/\/english-in-canada.com\/de\/#organization"},"potentialAction":[{"@type":"SearchAction","target":{"@type":"EntryPoint","urlTemplate":"https:\/\/english-in-canada.com\/de\/?s={search_term_string}"},"query-input":{"@type":"PropertyValueSpecification","valueRequired":true,"valueName":"search_term_string"}}],"inLanguage":"de"},{"@type":"Organization","@id":"https:\/\/english-in-canada.com\/de\/#organization","name":"English in Canada","url":"https:\/\/english-in-canada.com\/de\/","logo":{"@type":"ImageObject","inLanguage":"de","@id":"https:\/\/english-in-canada.com\/de\/#\/schema\/logo\/image\/","url":"https:\/\/english-in-canada.com\/wp-content\/uploads\/2023\/11\/englishincanada-logo.png","contentUrl":"https:\/\/english-in-canada.com\/wp-content\/uploads\/2023\/11\/englishincanada-logo.png","width":164,"height":164,"caption":"English in Canada"},"image":{"@id":"https:\/\/english-in-canada.com\/de\/#\/schema\/logo\/image\/"}}]}},"_links":{"self":[{"href":"https:\/\/english-in-canada.com\/de\/wp-json\/wp\/v2\/pages\/5008"}],"collection":[{"href":"https:\/\/english-in-canada.com\/de\/wp-json\/wp\/v2\/pages"}],"about":[{"href":"https:\/\/english-in-canada.com\/de\/wp-json\/wp\/v2\/types\/page"}],"author":[{"embeddable":true,"href":"https:\/\/english-in-canada.com\/de\/wp-json\/wp\/v2\/users\/1"}],"replies":[{"embeddable":true,"href":"https:\/\/english-in-canada.com\/de\/wp-json\/wp\/v2\/comments?post=5008"}],"version-history":[{"count":2,"href":"https:\/\/english-in-canada.com\/de\/wp-json\/wp\/v2\/pages\/5008\/revisions"}],"predecessor-version":[{"id":5010,"href":"https:\/\/english-in-canada.com\/de\/wp-json\/wp\/v2\/pages\/5008\/revisions\/5010"}],"wp:attachment":[{"href":"https:\/\/english-in-canada.com\/de\/wp-json\/wp\/v2\/media?parent=5008"}],"wp:term":[{"taxonomy":"category","embeddable":true,"href":"https:\/\/english-in-canada.com\/de\/wp-json\/wp\/v2\/categories?post=5008"}],"curies":[{"name":"wp","href":"https:\/\/api.w.org\/{rel}","templated":true}]}}